{"id":20321,"date":"2025-06-09T14:52:36","date_gmt":"2025-06-09T14:52:36","guid":{"rendered":"https:\/\/rvrsmart.com\/privacy-policy-3\/"},"modified":"2025-06-09T15:05:18","modified_gmt":"2025-06-09T15:05:18","slug":"privatuma-politika","status":"publish","type":"page","link":"https:\/\/rvrsmart.com\/lv\/privatuma-politika\/","title":{"rendered":"Priv\u0101tuma politika"},"content":{"rendered":"\n<p><strong>Kas m\u0113s esam?<\/strong><\/p>\n\n<p>SIA \u201cSpilva VL\u201d, Re\u0123. Nr. 40 203064133 , juridisk\u0101 adrese: Gustava Zemgala Gatve 77, R\u012bga, LV-1039. <\/p>\n\n<p><strong>Mums ir svar\u012bgs j\u016bsu priv\u0101tums un uztic\u0113\u0161an\u0101s.<\/strong><\/p>\n\n<p>M\u016bsu m\u0113r\u0137is ir p\u0113c iesp\u0113jas skaidr\u0101k un saprotam\u0101k inform\u0113t j\u016bs par to, k\u0101 un k\u0101p\u0113c m\u0113s izmantojam j\u016bsu personisko inform\u0101ciju.<\/p>\n\n<p>M\u016bsu m\u0113r\u0137is ir pan\u0101kt, lai j\u016bs justos dro\u0161i, kop\u012bgojot ar mums savus personas datus. Personas dati ir jebkura inform\u0101cija, ko var izmantot, lai identific\u0113tu personu. <\/p>\n\n<p>M\u0113s veicam atbilsto\u0161us pas\u0101kumus, lai nodro\u0161in\u0101tu, ka j\u016bsu personas dati pie mums vienm\u0113r ir dro\u0161\u012bb\u0101 un ka j\u016bsu personas dati tiek apstr\u0101d\u0101ti saska\u0146\u0101 ar piem\u0113rojamiem datu aizsardz\u012bbas ties\u012bbu aktiem un m\u016bsu iek\u0161\u0113j\u0101m proced\u016br\u0101m.<\/p>\n\n<p>Mums ir svar\u012bgi b\u016bt p\u0101rredzamiem par to, k\u0101 m\u0113s apstr\u0101d\u0101jam j\u016bsu personas datus. M\u0113s esam ap\u0146\u0113mu\u0161ies aizsarg\u0101t j\u016bsu personas inform\u0101ciju un iev\u0113rot konfidencialit\u0101ti vis\u0101, ko dar\u0101m. \u0160aj\u0101 politik\u0101 j\u016bs uzzin\u0101siet, k\u0101dus datus par jums m\u0113s varam v\u0101kt, k\u0101 m\u0113s tos izmantosim un sniegsim inform\u0101ciju par j\u016bsu ties\u012bb\u0101m un to, k\u0101 j\u016bs varat ar mums sazin\u0101ties.  <\/p>\n\n<p>Da\u017ereiz mums ir j\u0101maina konfidencialit\u0101tes politika. Visas izmai\u0146as tiks public\u0113tas \u0161aj\u0101 t\u012bmek\u013ca vietn\u0113, kurai, protams, varat piek\u013c\u016bt jebkur\u0101 laik\u0101. <\/p>\n\n<p>K\u0101das personas datu kategorijas m\u0113s v\u0101cam un k\u0101p\u0113c?<\/p>\n\n<p><strong>APARTAMENTS <\/strong><strong>VIESN\u012aCAS PAKALPOJUMI<\/strong><\/p>\n\n<p>M\u0113s apstr\u0101d\u0101jam j\u016bsu personas datus, lai sniegtu jums viesn\u012bcas pakalpojumus, tostarp izmitin\u0101\u0161anu. Ja j\u016bs nesniegsiet nepiecie\u0161amos personas datus, j\u016bs nevar\u0113siet sa\u0146emt m\u016bsu pakalpojumus. Mums ir saisto\u0161i viesn\u012bcu juridiskie pien\u0101kumi, tostarp pien\u0101kums identific\u0113t m\u016bsu klientu, t. i., mums ir pien\u0101kums noteikt, vai j\u016bs esat t\u0101 persona, par kuru uzdodaties.  <\/p>\n\n<p>Personas datus no klientu re\u0123istr\u0101cijas veidlap\u0101m m\u0113s glab\u0101jam 3 gadus. Maks\u0101jumu kar\u0161u inform\u0101cija tiek dz\u0113sta no viesn\u012bcas sist\u0113mas 72 stundas p\u0113c viesa izrakst\u012b\u0161an\u0101s no viesn\u012bcas. <\/p>\n\n<figure class=\"wp-block-table\"><table class=\"has-fixed-layout\"><thead><tr><td><strong>Personas datu kategorijas<\/strong><\/td><td><strong>Juridiskais pamats<\/strong><\/td><\/tr><\/thead><tbody><tr><td>Personas inform\u0101cija (v\u0101rds, uzv\u0101rds, personas kods vai dzim\u0161anas datums, pilson\u012bba (vai taut\u012bba) Kontaktinform\u0101cija (adrese, t\u0101lru\u0146a numurs) Maks\u0101juma inform\u0101cija, ja veicat bezskaidras naudas maks\u0101jumu (maks\u0101jumu kartes numurs un der\u012bguma termi\u0146\u0161) Cita inform\u0101cija viesn\u012bcas pakalpojumu snieg\u0161anai (piem\u0113ram, automa\u0161\u012bnas re\u0123istr\u0101cijas numurs, ja viesn\u012bca pied\u0101v\u0101 autost\u0101vvietu un vai j\u016bs to izmantojat).<\/td><td>Pakalpojumu snieg\u0161ana<\/td><\/tr><tr><td>E-pasta adrese<\/td><td>J\u016bsu piekri\u0161ana<\/td><\/tr><tr><td>Personu apliecino\u0161i dokumenti (pase vai personas apliec\u012bba).<\/td><td>M\u016bsu juridiskais pien\u0101kums identific\u0113t klientus<\/td><\/tr><\/tbody><\/table><\/figure>\n\n<p>Izmantojot M\u016bsu Pakalpojumus, j\u016bs apliecin\u0101t, ka j\u016bsu sniegtie personas dati ir prec\u012bzi un pareizi un ka esat vismaz 18 gadus vecs. M\u0113s nevaram garant\u0113t pakalpojumu snieg\u0161anu, ja sniedzat neprec\u012bzus datus. <\/p>\n\n<p><strong>VIDEONOV\u0112RO\u0160ANA<\/strong><\/p>\n\n<p>M\u0113s veicam videonov\u0113ro\u0161anu un apstr\u0101d\u0101jam j\u016bsu personas datus, kad atrodaties m\u016bsu viesn\u012bcas telp\u0101s, lai nodro\u0161in\u0101tu j\u016bsu personisko dro\u0161\u012bbu un m\u016bsu darbinieku, klientu un \u012bpa\u0161uma dro\u0161\u012bbu. Videonov\u0113ro\u0161anas ieraksti m\u016bsu sist\u0113m\u0101s tiek glab\u0101ti l\u012bdz 30 dien\u0101m. <\/p>\n\n<figure class=\"wp-block-table\"><table class=\"has-fixed-layout\"><thead><tr><td><strong>Personas datu kategorijas<\/strong><\/td><td><strong>Juridiskais pamats<\/strong><\/td><\/tr><\/thead><tbody><tr><td>Biometriskie dati (sejas att\u0113ls)<\/td><td>M\u016bsu likum\u012bg\u0101s intereses<br\/>M\u016bsu darbinieku un klientu vit\u0101li svar\u012bgu intere\u0161u, tostarp vesel\u012bbas un dz\u012bv\u012bbas, aizsardz\u012bba.<\/td><\/tr><\/tbody><\/table><\/figure>\n\n<p><strong>REKL\u0100MAS\/INFORMAT\u012aVIE MATERI\u0100LI<\/strong><\/p>\n\n<p>Ar j\u016bsu piekri\u0161anu m\u0113s j\u016bs inform\u0113jam par da\u017e\u0101d\u0101m m\u016bsu un tre\u0161o pu\u0161u jaunumiem un aktualit\u0101t\u0113m, ko pieg\u0101d\u0101jam k\u0101 rekl\u0101mas un informat\u012bvos materi\u0101lus.<\/p>\n\n<figure class=\"wp-block-table\"><table class=\"has-fixed-layout\"><thead><tr><td><strong>Personas datu kategorijas<\/strong><\/td><td><strong>Juridiskais pamats<\/strong><\/td><\/tr><\/thead><tbody><tr><td>Personas dati (v\u0101rds, uzv\u0101rds)<br\/>Kontaktinform\u0101cija (dz\u012bvesvietas adrese, e-pasta adrese, mobil\u0101 t\u0101lru\u0146a numurs).<\/td><td>J\u016bsu piekri\u0161ana<\/td><\/tr><\/tbody><\/table><\/figure>\n\n<p><strong>COOKIES<\/strong><\/p>\n\n<p>S\u012bkfaili ir nelieli teksta faili, kas tiek izveidoti un saglab\u0101ti j\u016bsu ier\u012bc\u0113 (dator\u0101, plan\u0161etdator\u0101, mobilaj\u0101 t\u0101lrun\u012b utt.), kad j\u016bs apmekl\u0113jat M\u016bsu t\u012bmek\u013ca vietni. S\u012bkdatnes \u201catceras\u201d j\u016bsu pieredzi un pamatinform\u0101ciju, t\u0101d\u0113j\u0101di uzlabojot M\u016bsu t\u012bmek\u013ca vietnes lietojam\u012bbu. <\/p>\n\n<p>Izmantojot s\u012bkfailus, tiek apstr\u0101d\u0101ti t\u012bmek\u013ca vietnes lieto\u0161anas v\u0113stures dati, diagnostic\u0113tas t\u012bmek\u013ca vietnes darb\u012bbas probl\u0113mas un tr\u016bkumi, apkopota lietot\u0101ju uzved\u012bbas statistika un nodro\u0161in\u0101ta pilnv\u0113rt\u012bga un \u0113rta t\u012bmek\u013ca vietnes funkcionalit\u0101tes izmanto\u0161ana.<\/p>\n\n<p>Ja nev\u0113laties at\u013caut s\u012bkfailu izmanto\u0161anu, varat to p\u0101rtraukt, izmantojot interneta p\u0101rl\u016bkprogrammas iestat\u012bjumus, tom\u0113r \u0161\u0101d\u0101 gad\u012bjum\u0101 m\u016bsu vietnes lieto\u0161ana var tikt trauc\u0113ta un apgr\u016btin\u0101ta. Saglab\u0101to s\u012bkfailu dz\u0113\u0161ana ir iesp\u0113jama j\u016bsu ier\u012bces interneta p\u0101rl\u016bkprogrammas iestat\u012bjumu sada\u013c\u0101, dz\u0113\u0161ot saglab\u0101to s\u012bkfailu v\u0113sturi. <\/p>\n\n<figure class=\"wp-block-table\"><table class=\"has-fixed-layout\"><thead><tr><td><strong>Personas datu kategorijas<\/strong><\/td><td><strong>Juridiskais pamats<\/strong><\/td><\/tr><\/thead><tbody><tr><td>T\u012bmek\u013ca vietnes lietot\u0101ju preferences un uzved\u012bbas statistika<\/td><td>J\u016bsu piekri\u0161ana (interneta p\u0101rl\u016bkprogrammas konfigur\u0101cija)<\/td><\/tr><\/tbody><\/table><\/figure>\n\n<p>No k\u0101diem avotiem m\u0113s v\u0101cam personas datus?<\/p>\n\n<p><strong>J\u016aS<\/strong><\/p>\n\n<p>M\u0113s apkopojam personas datus, ko sniedzat mums pirms m\u016bsu pakalpojuma snieg\u0161anas, k\u0101 ar\u012b tad, kad apmekl\u0113jat m\u016bsu viesn\u012bcas telpas (videonov\u0113ro\u0161ana) vai m\u016bsu t\u012bmek\u013ca vietni (abon\u0113jot rekl\u0101mas un inform\u0101cijas materi\u0101lu sa\u0146em\u0161anu).<\/p>\n\n<p><strong>SADARB\u012aBAS PARTNERI<\/strong><\/p>\n\n<p>Ja J\u016bs pas\u016bt\u0101t M\u016bsu pakalpojumu, izmantojot M\u016bsu partnerus (piem\u0113ram, Booking.com, ce\u013cojumu a\u0123entus, operatorus), m\u0113s ieg\u016bsim datus no \u0161iem partneriem, lai nodro\u0161in\u0101tu M\u016bsu pakalpojuma snieg\u0161anu Jums.<\/p>\n\n<p><strong>Kam m\u0113s p\u0101rs\u016bt\u0101m j\u016bsu personas datus?<\/strong><\/p>\n\n<p><strong>PAKALPOJUMU SNIEDZ\u0112JI UN SADARB\u012aBAS PARTNERI<\/strong><\/p>\n\n<p>Lai izpild\u012btu savas saist\u012bbas pret jums, m\u0113s nododam j\u016bsu personas datus uz\u0146\u0113mumiem, kas mums sniedz pakalpojumus, piem\u0113ram, lai veiktu naktsm\u012bt\u0146u rezerv\u0101cijas. M\u0113s r\u016bp\u012bgi p\u0101rbaud\u0101m visus pakalpojumu sniedz\u0113jus, kas apstr\u0101d\u0101 j\u016bsu personas datus m\u016bsu v\u0101rd\u0101 un m\u016bsu uzdevum\u0101. M\u0113s izv\u0113rt\u0113jam, vai m\u016bsu partneri (personas datu apstr\u0101d\u0101t\u0101ji) piem\u0113ro atbilsto\u0161us dro\u0161\u012bbas pas\u0101kumus, lai nodro\u0161in\u0101tu, ka j\u016bsu personas dati tiek apstr\u0101d\u0101ti saska\u0146\u0101 ar m\u016bsu uzdevumiem, nor\u0101d\u012bjumiem, instrukcij\u0101m un juridiskaj\u0101m pras\u012bb\u0101m. \u0160ie uz\u0146\u0113mumi nav ties\u012bgi izmantot j\u016bsu personas datus citiem m\u0113r\u0137iem.<\/p>\n\n<p><strong>TIES\u012aBAIZSARDZ\u012aBAS IEST\u0100DES, VALSTS UN PA\u0160VALD\u012aBU IEST\u0100DES.<\/strong><\/p>\n\n<p>Lai izpild\u012btu juridiskos pien\u0101kumus, m\u0113s varam nodot j\u016bsu personas datus ties\u012bbaizsardz\u012bbas iest\u0101d\u0113m (piem\u0113ram, policijai), k\u0101 ar\u012b valsts un pa\u0161vald\u012bbu iest\u0101d\u0113m p\u0113c to piepras\u012bjuma. M\u0113s varam nodot j\u016bsu personas datus ar\u012b ties\u012bbaizsardz\u012bbas iest\u0101d\u0113m (piem\u0113ram, ties\u0101m), k\u0101 ar\u012b valsts un pa\u0161vald\u012bbu iest\u0101d\u0113m, lai aizst\u0101v\u0113tu M\u016bsu likum\u012bg\u0101s intereses, sagatavojot, iesniedzot un uzturot juridiskas pras\u012bbas.<\/p>\n\n<p><strong>Personas datu nos\u016bt\u012b\u0161ana \u0101rpus Eiropas Savien\u012bbas un Eiropas Ekonomikas zonas (ES\/EEZ)<\/strong><\/p>\n\n<p>M\u0113s vienm\u0113r cen\u0161amies apstr\u0101d\u0101t j\u016bsu personas datus Eiropas Savien\u012bb\u0101 un Eiropas Ekonomikas zon\u0101 (ES\/EEZ). J\u016bsu personas dati netiek apstr\u0101d\u0101ti valst\u012b \u0101rpus ES\/EEZ, lai sniegtu jums izv\u0113l\u0113to pakalpojumu.<\/p>\n\n<p>Personas datu nos\u016bt\u012b\u0161ana un apstr\u0101de \u0101rpus ES\/EEZ var notikt, ja tam ir juridisks pamats, proti, lai izpild\u012btu juridisku pien\u0101kumu, nosl\u0113gtu vai izpild\u012btu l\u012bgumu, saska\u0146\u0101 ar j\u016bsu piekri\u0161anu vai citos \u0161auri noteiktos \u012bpa\u0161os gad\u012bjumos.<\/p>\n\n<p><strong>Cik ilgi tiek glab\u0101ti j\u016bsu personas dati?<\/strong><\/p>\n\n<p>Visi no jums sav\u0101ktie personas dati tiks glab\u0101ti tik ilgi, kam\u0113r izmantosiet m\u016bsu pakalpojumus, vai l\u012bdz br\u012bdim, kad atsauksiet savu piekri\u0161anu, ja j\u016bsu personas dati tiek apstr\u0101d\u0101ti, pamatojoties uz \u0161o piekri\u0161anu. Ilg\u0101ks personas datu glab\u0101\u0161anas periods ir pie\u013caujams, lai izpild\u012btu juridisk\u0101s pras\u012bbas par dokumentu vai inform\u0101cijas minim\u0101lo glab\u0101\u0161anas termi\u0146u vai lai aizsarg\u0101tu m\u016bsu likum\u012bg\u0101s intereses.<\/p>\n\n<p>Kad \u0161is periods b\u016bs beidzies, m\u0113s dro\u0161i dz\u0113s\u012bsim j\u016bsu personas datus vai padar\u012bsim tos nepieejamus (arhiv\u0113\u0161ana), vai deidentific\u0113sim, lai tos vairs nevar\u0113tu saist\u012bt ar jums.<\/p>\n\n<p><strong>K\u0101 m\u0113s aizsarg\u0101jam j\u016bsu personas datus?<\/strong><\/p>\n\n<p>M\u0113s nodro\u0161in\u0101m, past\u0101v\u012bgi p\u0101rskat\u0101m un uzlabojam dro\u0161\u012bbas pas\u0101kumus, lai aizsarg\u0101tu j\u016bsu personas datus no nesankcion\u0113tas piek\u013cuves, nejau\u0161as nozaud\u0113\u0161anas, izpau\u0161anas vai izn\u012bcin\u0101\u0161anas. Lai to paveiktu, m\u0113s izmantojam modernas tehnolo\u0123ijas, tehnisk\u0101s un organizatorisk\u0101s pras\u012bbas, tostarp izmantojam ugunsm\u016brus, antiv\u012brusu programmas.<\/p>\n\n<p>Tom\u0113r m\u0113s iesak\u0101m iev\u0113rot visp\u0101r\u0113jos datoru un interneta dro\u0161\u012bbas noteikumus, k\u0101 ar\u012b pras\u012bbas attiec\u012bb\u0101 uz j\u016bsu priv\u0101to datu (jo \u012bpa\u0161i personu apliecino\u0161u dokumentu) aizsardz\u012bbu un glab\u0101\u0161anu, un m\u0113s neuz\u0146emsimies atbild\u012bbu par nesankcion\u0113tu piek\u013cuvi j\u016bsu personas datiem un\/vai datu zudumu, ja tas notiek j\u016bsu vainas vai nolaid\u012bbas d\u0113\u013c.<\/p>\n\n<p><strong>J\u016bsu ties\u012bbas<\/strong><\/p>\n\n<p>Tiesiskais regul\u0113jums datu aizsardz\u012bbas jom\u0101 jums dod vair\u0101kas ties\u012bbas ietekm\u0113t j\u016bsu personas datu apstr\u0101di.<\/p>\n\n<p><strong>PIEK\u013bUVE PERSONAS DATIEM<\/strong><\/p>\n\n<p>Jums ir ties\u012bbas piepras\u012bt no mums apstiprin\u0101jumu par to, vai m\u0113s apstr\u0101d\u0101jam j\u016bsu personas datus, un \u0161\u0101dos gad\u012bjumos piepras\u012bt piek\u013cuvi personas datiem, kurus m\u0113s apstr\u0101d\u0101jam par jums, vai sniegt inform\u0101ciju par personas datiem, ja tie\u0161a piek\u013cuve netiek nodro\u0161in\u0101ta.<\/p>\n\n<p><strong>PERSONAS DATU LABO\u0160ANA<\/strong><\/p>\n\n<p>Ja uzskat\u0101t, ka inform\u0101cija par jums ir nepareiza vai nepiln\u012bga, jums ir ties\u012bbas l\u016bgt mums to labot.<\/p>\n\n<p><strong>PIEKRI\u0160ANAS ATSAUK\u0160ANA<\/strong><\/p>\n\n<p>Cikt\u0101l m\u0113s apstr\u0101d\u0101jam j\u016bsu personas datus, pamatojoties uz j\u016bsu piekri\u0161anu, jums ir ties\u012bbas jebkur\u0101 laik\u0101 atsaukt savu piekri\u0161anu j\u016bsu personas datu apstr\u0101dei.<\/p>\n\n<p><strong>IEBILDUMI PRET DATU APSTR\u0100DI REKL\u0100MAS NOL\u016aKOS<\/strong><\/p>\n\n<p>Jums ir ties\u012bbas jebkur\u0101 laik\u0101 iebilst pret savu personas datu apstr\u0101di rekl\u0101mas snieg\u0161anas nol\u016bk\u0101.<\/p>\n\n<p><strong>IEBILDUMI PRET APSTR\u0100DI, KAS PAMATOJAS UZ LE\u0122IT\u012aM\u0100M INTERES\u0112M<\/strong><\/p>\n\n<p>Jums ir ties\u012bbas iebilst pret j\u016bsu personas datu apstr\u0101di, ko m\u0113s veicam, pamatojoties uz M\u016bsu likum\u012bgaj\u0101m interes\u0113m. Tom\u0113r m\u0113s turpin\u0101sim apstr\u0101d\u0101t j\u016bsu datus pat tad, ja esat iebildis pret to, ja mums b\u016bs p\u0101rliecino\u0161i iemesli turpin\u0101t apstr\u0101d\u0101t j\u016bsu personas datus. Lai izmantotu iepriek\u0161 min\u0113t\u0101s ties\u012bbas, l\u016bdzu, iesniedziet mums rakstisku piepras\u012bjumu.<\/p>\n\n<p><strong>DZ\u0112\u0160ANA<\/strong><\/p>\n\n<p>Noteiktos apst\u0101k\u013cos jums ir ties\u012bbas piepras\u012bt, lai m\u0113s dz\u0113\u0161am j\u016bsu personas datus, tom\u0113r tas neattiecas uz gad\u012bjumiem, kad likums nosaka, ka mums dati ir j\u0101saglab\u0101. Lai izmantotu iepriek\u0161 min\u0113t\u0101s ties\u012bbas, l\u016bdzu, iesniedziet mums rakstisku piepras\u012bjumu.<\/p>\n\n<p><strong>APSTR\u0100DES IEROBE\u017dOJUMS<\/strong><\/p>\n\n<p>Noteiktos apst\u0101k\u013cos jums ir ties\u012bbas ierobe\u017eot savu personas datu apstr\u0101di. L\u016bdzu, \u0146emiet v\u0113r\u0101, ka, ja piepras\u0101t ierobe\u017eot savu datu apstr\u0101di, tas var ietekm\u0113t j\u016bsu iesp\u0113jas sa\u0146emt M\u016bsu pakalpojumus. Lai izmantotu iepriek\u0161 min\u0113t\u0101s ties\u012bbas, l\u016bdzu, iesniedziet mums rakstisku piepras\u012bjumu.<\/p>\n\n<p><strong>DATU P\u0100RNESE<\/strong><\/p>\n\n<p>Visbeidzot, jums ir ties\u012bbas sa\u0146emt vai nos\u016bt\u012bt savus personas datus citam datu p\u0101rzinim. \u0160\u012bs ties\u012bbas attiecas tikai uz datiem, kurus esat mums sniedzis, pamatojoties uz savu piekri\u0161anu vai l\u012bgumu, k\u0101 ar\u012b gad\u012bjumos, kad apstr\u0101de tiek veikta ar automatiz\u0113tiem l\u012bdzek\u013ciem. Lai izmantotu iepriek\u0161 min\u0113t\u0101s ties\u012bbas, l\u016bdzu, iesniedziet mums rakstisku piepras\u012bjumu.<\/p>\n\n<p><strong>Ar ko es varu sazin\u0101ties, ja man ir k\u0101di jaut\u0101jumi?<\/strong><\/p>\n\n<p>Ja jums ir k\u0101di jaut\u0101jumi par j\u016bsu personas datu apstr\u0101di, l\u016bdzu, sazinieties ar mums.<\/p>\n\n<p>Ja neesat apmierin\u0101ts ar sa\u0146emto atbildi, Jums ir ties\u012bbas iesniegt s\u016bdz\u012bbu Datu valsts inspekcij\u0101 ( <a href=\"https:\/\/www.hoteljurmala.com\/index.php\/lv\/par-mums\/www.dvi.gov.lv\" target=\"_blank\" rel=\"noreferrer noopener\">www.dvi.gov.lv <\/a>)<\/p>\n\n<p><br\/><strong>Datu tur\u0113t\u0101ja kontaktinform\u0101cija:<br\/>SIA \u201cSpilva VL\u201d<br\/>Adrese: Gustava Zemgala Gatve 77 , R\u012bga , LV- 1039 <br\/>E-pasts: info@rvrsmart.com <br\/>T\u0101lr: +371 2 7051333<\/strong><\/p>\n","protected":false},"excerpt":{"rendered":"<p>Kas m\u0113s esam? SIA \u201cSpilva VL\u201d, Re\u0123. Nr. 40 203064133 , juridisk\u0101 adrese: Gustava Zemgala Gatve 77, R\u012bga, LV-1039. Mums ir svar\u012bgs j\u016bsu priv\u0101tums un uztic\u0113\u0161an\u0101s. M\u016bsu m\u0113r\u0137is ir p\u0113c iesp\u0113jas skaidr\u0101k un saprotam\u0101k inform\u0113t j\u016bs par to, k\u0101 un k\u0101p\u0113c m\u0113s izmantojam j\u016bsu personisko inform\u0101ciju. M\u016bsu m\u0113r\u0137is ir pan\u0101kt, lai j\u016bs justos dro\u0161i, kop\u012bgojot [&hellip;]<\/p>\n","protected":false},"author":2,"featured_media":0,"parent":0,"menu_order":0,"comment_status":"closed","ping_status":"closed","template":"","meta":{"inline_featured_image":false,"_exactmetrics_skip_tracking":false,"_exactmetrics_sitenote_active":false,"_exactmetrics_sitenote_note":"","_exactmetrics_sitenote_category":0,"footnotes":""},"class_list":["post-20321","page","type-page","status-publish","hentry"],"yoast_head":"<!-- This site is optimized with the Yoast SEO plugin v27.3 - https:\/\/yoast.com\/product\/yoast-seo-wordpress\/ -->\n<title>Priv\u0101tuma politika - RVR Smart Apartments Riga<\/title>\n<meta name=\"robots\" content=\"index, follow, max-snippet:-1, max-image-preview:large, max-video-preview:-1\" \/>\n<link rel=\"canonical\" href=\"https:\/\/rvrsmart.com\/lv\/privatuma-politika\/\" \/>\n<meta property=\"og:locale\" content=\"lv_LV\" \/>\n<meta property=\"og:type\" content=\"article\" \/>\n<meta property=\"og:title\" content=\"Priv\u0101tuma politika - RVR Smart Apartments Riga\" \/>\n<meta property=\"og:description\" content=\"Kas m\u0113s esam? SIA \u201cSpilva VL\u201d, Re\u0123. Nr. 40 203064133 , juridisk\u0101 adrese: Gustava Zemgala Gatve 77, R\u012bga, LV-1039. Mums ir svar\u012bgs j\u016bsu priv\u0101tums un uztic\u0113\u0161an\u0101s. M\u016bsu m\u0113r\u0137is ir p\u0113c iesp\u0113jas skaidr\u0101k un saprotam\u0101k inform\u0113t j\u016bs par to, k\u0101 un k\u0101p\u0113c m\u0113s izmantojam j\u016bsu personisko inform\u0101ciju. M\u016bsu m\u0113r\u0137is ir pan\u0101kt, lai j\u016bs justos dro\u0161i, kop\u012bgojot [&hellip;]\" \/>\n<meta property=\"og:url\" content=\"https:\/\/rvrsmart.com\/lv\/privatuma-politika\/\" \/>\n<meta property=\"og:site_name\" content=\"RVR Smart Apartments Riga\" \/>\n<meta property=\"article:modified_time\" content=\"2025-06-09T15:05:18+00:00\" \/>\n<meta name=\"twitter:card\" content=\"summary_large_image\" \/>\n<meta name=\"twitter:label1\" content=\"Est. reading time\" \/>\n\t<meta name=\"twitter:data1\" content=\"11 minutes\" \/>\n<script type=\"application\/ld+json\" class=\"yoast-schema-graph\">{\"@context\":\"https:\\\/\\\/schema.org\",\"@graph\":[{\"@type\":\"WebPage\",\"@id\":\"https:\\\/\\\/rvrsmart.com\\\/lv\\\/privatuma-politika\\\/\",\"url\":\"https:\\\/\\\/rvrsmart.com\\\/lv\\\/privatuma-politika\\\/\",\"name\":\"Priv\u0101tuma politika - RVR Smart Apartments Riga\",\"isPartOf\":{\"@id\":\"https:\\\/\\\/rvrsmart.com\\\/lv\\\/#website\"},\"datePublished\":\"2025-06-09T14:52:36+00:00\",\"dateModified\":\"2025-06-09T15:05:18+00:00\",\"breadcrumb\":{\"@id\":\"https:\\\/\\\/rvrsmart.com\\\/lv\\\/privatuma-politika\\\/#breadcrumb\"},\"inLanguage\":\"lv-LV\",\"potentialAction\":[{\"@type\":\"ReadAction\",\"target\":[\"https:\\\/\\\/rvrsmart.com\\\/lv\\\/privatuma-politika\\\/\"]}]},{\"@type\":\"BreadcrumbList\",\"@id\":\"https:\\\/\\\/rvrsmart.com\\\/lv\\\/privatuma-politika\\\/#breadcrumb\",\"itemListElement\":[{\"@type\":\"ListItem\",\"position\":1,\"name\":\"Home\",\"item\":\"https:\\\/\\\/rvrsmart.com\\\/lv\\\/\"},{\"@type\":\"ListItem\",\"position\":2,\"name\":\"Priv\u0101tuma politika\"}]},{\"@type\":\"WebSite\",\"@id\":\"https:\\\/\\\/rvrsmart.com\\\/lv\\\/#website\",\"url\":\"https:\\\/\\\/rvrsmart.com\\\/lv\\\/\",\"name\":\"RVR Smart Apartments Riga\",\"description\":\"Dz\u012bvok\u013cu \u012bre R\u012bg\u0101, \u012bstermi\u0146\u0101 un ilgtermi\u0146\u0101.\",\"publisher\":{\"@id\":\"https:\\\/\\\/rvrsmart.com\\\/lv\\\/#organization\"},\"potentialAction\":[{\"@type\":\"SearchAction\",\"target\":{\"@type\":\"EntryPoint\",\"urlTemplate\":\"https:\\\/\\\/rvrsmart.com\\\/lv\\\/?s={search_term_string}\"},\"query-input\":{\"@type\":\"PropertyValueSpecification\",\"valueRequired\":true,\"valueName\":\"search_term_string\"}}],\"inLanguage\":\"lv-LV\"},{\"@type\":\"Organization\",\"@id\":\"https:\\\/\\\/rvrsmart.com\\\/lv\\\/#organization\",\"name\":\"RVR Smart Apartments Riga\",\"url\":\"https:\\\/\\\/rvrsmart.com\\\/lv\\\/\",\"logo\":{\"@type\":\"ImageObject\",\"inLanguage\":\"lv-LV\",\"@id\":\"https:\\\/\\\/rvrsmart.com\\\/lv\\\/#\\\/schema\\\/logo\\\/image\\\/\",\"url\":\"https:\\\/\\\/rvrsmart.com\\\/wp-content\\\/uploads\\\/2023\\\/02\\\/cropped-LOGO-RVR-SMART.jpg\",\"contentUrl\":\"https:\\\/\\\/rvrsmart.com\\\/wp-content\\\/uploads\\\/2023\\\/02\\\/cropped-LOGO-RVR-SMART.jpg\",\"width\":479,\"height\":263,\"caption\":\"RVR Smart Apartments Riga\"},\"image\":{\"@id\":\"https:\\\/\\\/rvrsmart.com\\\/lv\\\/#\\\/schema\\\/logo\\\/image\\\/\"}}]}<\/script>\n<!-- \/ Yoast SEO plugin. -->","yoast_head_json":{"title":"Priv\u0101tuma politika - RVR Smart Apartments Riga","robots":{"index":"index","follow":"follow","max-snippet":"max-snippet:-1","max-image-preview":"max-image-preview:large","max-video-preview":"max-video-preview:-1"},"canonical":"https:\/\/rvrsmart.com\/lv\/privatuma-politika\/","og_locale":"lv_LV","og_type":"article","og_title":"Priv\u0101tuma politika - RVR Smart Apartments Riga","og_description":"Kas m\u0113s esam? SIA \u201cSpilva VL\u201d, Re\u0123. Nr. 40 203064133 , juridisk\u0101 adrese: Gustava Zemgala Gatve 77, R\u012bga, LV-1039. Mums ir svar\u012bgs j\u016bsu priv\u0101tums un uztic\u0113\u0161an\u0101s. M\u016bsu m\u0113r\u0137is ir p\u0113c iesp\u0113jas skaidr\u0101k un saprotam\u0101k inform\u0113t j\u016bs par to, k\u0101 un k\u0101p\u0113c m\u0113s izmantojam j\u016bsu personisko inform\u0101ciju. M\u016bsu m\u0113r\u0137is ir pan\u0101kt, lai j\u016bs justos dro\u0161i, kop\u012bgojot [&hellip;]","og_url":"https:\/\/rvrsmart.com\/lv\/privatuma-politika\/","og_site_name":"RVR Smart Apartments Riga","article_modified_time":"2025-06-09T15:05:18+00:00","twitter_card":"summary_large_image","twitter_misc":{"Est. reading time":"11 minutes"},"schema":{"@context":"https:\/\/schema.org","@graph":[{"@type":"WebPage","@id":"https:\/\/rvrsmart.com\/lv\/privatuma-politika\/","url":"https:\/\/rvrsmart.com\/lv\/privatuma-politika\/","name":"Priv\u0101tuma politika - RVR Smart Apartments Riga","isPartOf":{"@id":"https:\/\/rvrsmart.com\/lv\/#website"},"datePublished":"2025-06-09T14:52:36+00:00","dateModified":"2025-06-09T15:05:18+00:00","breadcrumb":{"@id":"https:\/\/rvrsmart.com\/lv\/privatuma-politika\/#breadcrumb"},"inLanguage":"lv-LV","potentialAction":[{"@type":"ReadAction","target":["https:\/\/rvrsmart.com\/lv\/privatuma-politika\/"]}]},{"@type":"BreadcrumbList","@id":"https:\/\/rvrsmart.com\/lv\/privatuma-politika\/#breadcrumb","itemListElement":[{"@type":"ListItem","position":1,"name":"Home","item":"https:\/\/rvrsmart.com\/lv\/"},{"@type":"ListItem","position":2,"name":"Priv\u0101tuma politika"}]},{"@type":"WebSite","@id":"https:\/\/rvrsmart.com\/lv\/#website","url":"https:\/\/rvrsmart.com\/lv\/","name":"RVR Smart Apartments Riga","description":"Dz\u012bvok\u013cu \u012bre R\u012bg\u0101, \u012bstermi\u0146\u0101 un ilgtermi\u0146\u0101.","publisher":{"@id":"https:\/\/rvrsmart.com\/lv\/#organization"},"potentialAction":[{"@type":"SearchAction","target":{"@type":"EntryPoint","urlTemplate":"https:\/\/rvrsmart.com\/lv\/?s={search_term_string}"},"query-input":{"@type":"PropertyValueSpecification","valueRequired":true,"valueName":"search_term_string"}}],"inLanguage":"lv-LV"},{"@type":"Organization","@id":"https:\/\/rvrsmart.com\/lv\/#organization","name":"RVR Smart Apartments Riga","url":"https:\/\/rvrsmart.com\/lv\/","logo":{"@type":"ImageObject","inLanguage":"lv-LV","@id":"https:\/\/rvrsmart.com\/lv\/#\/schema\/logo\/image\/","url":"https:\/\/rvrsmart.com\/wp-content\/uploads\/2023\/02\/cropped-LOGO-RVR-SMART.jpg","contentUrl":"https:\/\/rvrsmart.com\/wp-content\/uploads\/2023\/02\/cropped-LOGO-RVR-SMART.jpg","width":479,"height":263,"caption":"RVR Smart Apartments Riga"},"image":{"@id":"https:\/\/rvrsmart.com\/lv\/#\/schema\/logo\/image\/"}}]}},"_links":{"self":[{"href":"https:\/\/rvrsmart.com\/lv\/wp-json\/wp\/v2\/pages\/20321","targetHints":{"allow":["GET"]}}],"collection":[{"href":"https:\/\/rvrsmart.com\/lv\/wp-json\/wp\/v2\/pages"}],"about":[{"href":"https:\/\/rvrsmart.com\/lv\/wp-json\/wp\/v2\/types\/page"}],"author":[{"embeddable":true,"href":"https:\/\/rvrsmart.com\/lv\/wp-json\/wp\/v2\/users\/2"}],"replies":[{"embeddable":true,"href":"https:\/\/rvrsmart.com\/lv\/wp-json\/wp\/v2\/comments?post=20321"}],"version-history":[{"count":1,"href":"https:\/\/rvrsmart.com\/lv\/wp-json\/wp\/v2\/pages\/20321\/revisions"}],"predecessor-version":[{"id":20323,"href":"https:\/\/rvrsmart.com\/lv\/wp-json\/wp\/v2\/pages\/20321\/revisions\/20323"}],"wp:attachment":[{"href":"https:\/\/rvrsmart.com\/lv\/wp-json\/wp\/v2\/media?parent=20321"}],"curies":[{"name":"wp","href":"https:\/\/api.w.org\/{rel}","templated":true}]}}