{"id":20328,"date":"2025-06-09T15:17:23","date_gmt":"2025-06-09T15:17:23","guid":{"rendered":"https:\/\/rvrsmart.com\/viesnicas-noteikumi\/"},"modified":"2025-06-10T18:25:32","modified_gmt":"2025-06-10T18:25:32","slug":"viesnicas-noteikumi","status":"publish","type":"page","link":"https:\/\/rvrsmart.com\/lv\/viesnicas-noteikumi\/","title":{"rendered":"Viesn\u012bcas noteikumi"},"content":{"rendered":"\n<p>Lai viesu uztur\u0113\u0161an\u0101s \u201cRVR Smart Apartments\u201d b\u016btu p\u0113c iesp\u0113jas \u0113rt\u0101ka, t\u0101p\u0113c esam sagatavoju\u0161i prec\u012bzu un izsme\u013co\u0161u inform\u0101ciju par viesn\u012bcas pakalpojumiem un k\u0101rt\u012bbu.<\/p>\n\n<p>Ja \u0161aj\u0101 sarakst\u0101 tr\u016bkst k\u0101das Jums b\u016btiskas inform\u0101cijas, l\u016bdzam sazin\u0101ties ar mums pa e-pastu info@rvrsmart.com vai t\u0101lruni <strong>+371 2<\/strong><strong>7051333 <\/strong><strong>.<\/strong><\/p>\n\n<figure class=\"wp-block-table\"><table class=\"has-fixed-layout\"><tbody><tr><td><strong>Re\u0123istr\u0113\u0161an\u0101s \/ izrakst\u012b\u0161an\u0101s laiks<\/strong><\/td><td>\u00a0<\/td><\/tr><tr><td><strong>Re\u0123istr\u0113\u0161an\u0101s laiks<\/strong><\/td><td>No 15:00<\/td><\/tr><tr><td><strong>Re\u0123istr\u0101cija<\/strong><\/td><td>Minim\u0101lais re\u0123istr\u0113\u0161an\u0101s vecums \u2013 18.<br\/>B\u0113rni un jaunie\u0161i l\u012bdz 18 gadu vecumam viesn\u012bc\u0101 var uztur\u0113ties vien\u012bgi kop\u0101 ar vec\u0101kiem vai cit\u0101m pilnvarotaj\u0101m person\u0101m.<br\/>Re\u0123istr\u0113joties nepiecie\u0161ams uzr\u0101d\u012bt personu apliecino\u0161u dokumentu \u2013 pasi vai ID karti.  <\/td><\/tr><tr><td><strong>Izbrauk\u0161anas laiks<\/strong><\/td><td>L\u012bdz 11:00<\/td><\/tr><tr><td><strong>Autost\u0101vvieta<\/strong><\/td><td>Autost\u0101vvieta viesn\u012bcas teritorij\u0101 ir bezmaksas.<\/td><\/tr><tr><td><strong>B\u0113rni<\/strong><\/td><td>B\u0113rni l\u012bdz 3 gadu vecumam, ja netiek izmantota papildu gulta, nak\u0161\u0146o bez maksas.<br\/>Z\u012bdai\u0146u gulti\u0146a pieejama par br\u012bvu.<br\/>Maksa par papildu gultu no 3 \u2013 17 gadu vecumam \u2013 40 EUR \/ diennakt\u012b.<br\/>Maksa par papildu gultu no 17 gadiem vecuma \u2013 50 EUR\/ dienn\u0101kti   <\/td><\/tr><tr><td><strong>Dro\u0161\u012bbas noteikumi<\/strong><\/td><td>Viesn\u012bca nenes atbild\u012bbu par viesu numuros atst\u0101t\u0101m mant\u0101m, k\u0101 ar\u012b bez uzraudz\u012bbas atst\u0101t\u0101m mant\u0101m viesn\u012bcas publiskaj\u0101s telp\u0101s.<br\/>Nedodiet tre\u0161aj\u0101m person\u0101m sava apartamenta atsl\u0113gu.<br\/>Dro\u0161\u012bbas apsv\u0113rumu d\u0113\u013c, person\u0101m, kuras uzturas viesu numur\u0101 p\u0113c 23:00, l\u016bgums recepcij\u0101 uzr\u0101d\u012bt personu apliecino\u0161u dokumentu.  <\/td><\/tr><tr><td><strong>M\u0101jdz\u012bvnieki<\/strong><\/td><td>M\u0101jdz\u012bvnieki ir laipni gaid\u012bti, tom\u0113r, m\u0101jdz\u012bvnieku izmitin\u0101\u0161ana j\u0101apstiprina pirms iera\u0161an\u0101s. Piepras\u012bjums par jebk\u0101da veida m\u0101jdz\u012bvniekiem ir j\u0101nos\u016bta viesn\u012bcai uz e-pastu info@rvrsmart.com. M\u0101jdzivnieka izmitin\u0101s\u0101nas izmaksa ir atkar\u012bgas no m\u0101jdz\u012bvnieka izm\u0113ra un sugas. Maksa par m\u0101jdzivnieka izmitin\u0101\u0161anu ir s\u0101kot no 10 EUR l\u012bdz 50 EUR par nakti par katru m\u0101jdz\u012bvnieku.   <strong><u><\/u><\/strong><\/td><\/tr><tr><td><strong>Maks\u0101juma proced\u016bra<\/strong><\/td><td>Apmaksa notiek ar banka parskait\u012bjuma starpniec\u012bbu vai payment link starpniec\u012bbu<\/td><\/tr><tr><td><strong>Sm\u0113\u0137\u0113\u0161ana<\/strong><\/td><td>Sm\u0113\u0137\u0113\u0161ana apartamentos ir aizliegta. Sods par \u0161o noteikumu p\u0101rk\u0101p\u0161anu \u2013 50 EUR.<br\/>Viesn\u012bcas iek\u0161pagalm\u0101 ir speci\u0101las zonas sm\u0113\u0137\u0113t\u0101jiem. M\u016bsu darbinieki Jums laipni t\u0101s par\u0101d\u012bs.   <\/td><\/tr><\/tbody><\/table><\/figure>\n","protected":false},"excerpt":{"rendered":"<p>Lai viesu uztur\u0113\u0161an\u0101s \u201cRVR Smart Apartments\u201d b\u016btu p\u0113c iesp\u0113jas \u0113rt\u0101ka, t\u0101p\u0113c esam sagatavoju\u0161i prec\u012bzu un izsme\u013co\u0161u inform\u0101ciju par viesn\u012bcas pakalpojumiem un k\u0101rt\u012bbu. Ja \u0161aj\u0101 sarakst\u0101 tr\u016bkst k\u0101das Jums b\u016btiskas inform\u0101cijas, l\u016bdzam sazin\u0101ties ar mums pa e-pastu info@rvrsmart.com vai t\u0101lruni +371 27051333 . Re\u0123istr\u0113\u0161an\u0101s \/ izrakst\u012b\u0161an\u0101s laiks \u00a0 Re\u0123istr\u0113\u0161an\u0101s laiks No 15:00 Re\u0123istr\u0101cija Minim\u0101lais re\u0123istr\u0113\u0161an\u0101s vecums [&hellip;]<\/p>\n","protected":false},"author":1,"featured_media":0,"parent":0,"menu_order":0,"comment_status":"closed","ping_status":"closed","template":"","meta":{"inline_featured_image":false,"_exactmetrics_skip_tracking":false,"_exactmetrics_sitenote_active":false,"_exactmetrics_sitenote_note":"","_exactmetrics_sitenote_category":0,"footnotes":""},"class_list":["post-20328","page","type-page","status-publish","hentry"],"yoast_head":"<!-- This site is optimized with the Yoast SEO plugin v27.3 - https:\/\/yoast.com\/product\/yoast-seo-wordpress\/ -->\n<title>Viesn\u012bcas noteikumi - RVR Smart Apartments Riga<\/title>\n<meta name=\"robots\" content=\"index, follow, max-snippet:-1, max-image-preview:large, max-video-preview:-1\" \/>\n<link rel=\"canonical\" href=\"https:\/\/rvrsmart.com\/lv\/viesnicas-noteikumi\/\" \/>\n<meta property=\"og:locale\" content=\"lv_LV\" \/>\n<meta property=\"og:type\" content=\"article\" \/>\n<meta property=\"og:title\" content=\"Viesn\u012bcas noteikumi - RVR Smart Apartments Riga\" \/>\n<meta property=\"og:description\" content=\"Lai viesu uztur\u0113\u0161an\u0101s \u201cRVR Smart Apartments\u201d b\u016btu p\u0113c iesp\u0113jas \u0113rt\u0101ka, t\u0101p\u0113c esam sagatavoju\u0161i prec\u012bzu un izsme\u013co\u0161u inform\u0101ciju par viesn\u012bcas pakalpojumiem un k\u0101rt\u012bbu. Ja \u0161aj\u0101 sarakst\u0101 tr\u016bkst k\u0101das Jums b\u016btiskas inform\u0101cijas, l\u016bdzam sazin\u0101ties ar mums pa e-pastu info@rvrsmart.com vai t\u0101lruni +371 27051333 . Re\u0123istr\u0113\u0161an\u0101s \/ izrakst\u012b\u0161an\u0101s laiks \u00a0 Re\u0123istr\u0113\u0161an\u0101s laiks No 15:00 Re\u0123istr\u0101cija Minim\u0101lais re\u0123istr\u0113\u0161an\u0101s vecums [&hellip;]\" \/>\n<meta property=\"og:url\" content=\"https:\/\/rvrsmart.com\/lv\/viesnicas-noteikumi\/\" \/>\n<meta property=\"og:site_name\" content=\"RVR Smart Apartments Riga\" \/>\n<meta property=\"article:modified_time\" content=\"2025-06-10T18:25:32+00:00\" \/>\n<meta name=\"twitter:card\" content=\"summary_large_image\" \/>\n<meta name=\"twitter:label1\" content=\"Est. reading time\" \/>\n\t<meta name=\"twitter:data1\" content=\"2 minutes\" \/>\n<script type=\"application\/ld+json\" class=\"yoast-schema-graph\">{\"@context\":\"https:\\\/\\\/schema.org\",\"@graph\":[{\"@type\":\"WebPage\",\"@id\":\"https:\\\/\\\/rvrsmart.com\\\/lv\\\/viesnicas-noteikumi\\\/\",\"url\":\"https:\\\/\\\/rvrsmart.com\\\/lv\\\/viesnicas-noteikumi\\\/\",\"name\":\"Viesn\u012bcas noteikumi - RVR Smart Apartments Riga\",\"isPartOf\":{\"@id\":\"https:\\\/\\\/rvrsmart.com\\\/lv\\\/#website\"},\"datePublished\":\"2025-06-09T15:17:23+00:00\",\"dateModified\":\"2025-06-10T18:25:32+00:00\",\"breadcrumb\":{\"@id\":\"https:\\\/\\\/rvrsmart.com\\\/lv\\\/viesnicas-noteikumi\\\/#breadcrumb\"},\"inLanguage\":\"lv-LV\",\"potentialAction\":[{\"@type\":\"ReadAction\",\"target\":[\"https:\\\/\\\/rvrsmart.com\\\/lv\\\/viesnicas-noteikumi\\\/\"]}]},{\"@type\":\"BreadcrumbList\",\"@id\":\"https:\\\/\\\/rvrsmart.com\\\/lv\\\/viesnicas-noteikumi\\\/#breadcrumb\",\"itemListElement\":[{\"@type\":\"ListItem\",\"position\":1,\"name\":\"Home\",\"item\":\"https:\\\/\\\/rvrsmart.com\\\/lv\\\/\"},{\"@type\":\"ListItem\",\"position\":2,\"name\":\"Viesn\u012bcas noteikumi\"}]},{\"@type\":\"WebSite\",\"@id\":\"https:\\\/\\\/rvrsmart.com\\\/lv\\\/#website\",\"url\":\"https:\\\/\\\/rvrsmart.com\\\/lv\\\/\",\"name\":\"RVR Smart Apartments Riga\",\"description\":\"Dz\u012bvok\u013cu \u012bre R\u012bg\u0101, \u012bstermi\u0146\u0101 un ilgtermi\u0146\u0101.\",\"publisher\":{\"@id\":\"https:\\\/\\\/rvrsmart.com\\\/lv\\\/#organization\"},\"potentialAction\":[{\"@type\":\"SearchAction\",\"target\":{\"@type\":\"EntryPoint\",\"urlTemplate\":\"https:\\\/\\\/rvrsmart.com\\\/lv\\\/?s={search_term_string}\"},\"query-input\":{\"@type\":\"PropertyValueSpecification\",\"valueRequired\":true,\"valueName\":\"search_term_string\"}}],\"inLanguage\":\"lv-LV\"},{\"@type\":\"Organization\",\"@id\":\"https:\\\/\\\/rvrsmart.com\\\/lv\\\/#organization\",\"name\":\"RVR Smart Apartments Riga\",\"url\":\"https:\\\/\\\/rvrsmart.com\\\/lv\\\/\",\"logo\":{\"@type\":\"ImageObject\",\"inLanguage\":\"lv-LV\",\"@id\":\"https:\\\/\\\/rvrsmart.com\\\/lv\\\/#\\\/schema\\\/logo\\\/image\\\/\",\"url\":\"https:\\\/\\\/rvrsmart.com\\\/wp-content\\\/uploads\\\/2023\\\/02\\\/cropped-LOGO-RVR-SMART.jpg\",\"contentUrl\":\"https:\\\/\\\/rvrsmart.com\\\/wp-content\\\/uploads\\\/2023\\\/02\\\/cropped-LOGO-RVR-SMART.jpg\",\"width\":479,\"height\":263,\"caption\":\"RVR Smart Apartments Riga\"},\"image\":{\"@id\":\"https:\\\/\\\/rvrsmart.com\\\/lv\\\/#\\\/schema\\\/logo\\\/image\\\/\"}}]}<\/script>\n<!-- \/ Yoast SEO plugin. -->","yoast_head_json":{"title":"Viesn\u012bcas noteikumi - RVR Smart Apartments Riga","robots":{"index":"index","follow":"follow","max-snippet":"max-snippet:-1","max-image-preview":"max-image-preview:large","max-video-preview":"max-video-preview:-1"},"canonical":"https:\/\/rvrsmart.com\/lv\/viesnicas-noteikumi\/","og_locale":"lv_LV","og_type":"article","og_title":"Viesn\u012bcas noteikumi - RVR Smart Apartments Riga","og_description":"Lai viesu uztur\u0113\u0161an\u0101s \u201cRVR Smart Apartments\u201d b\u016btu p\u0113c iesp\u0113jas \u0113rt\u0101ka, t\u0101p\u0113c esam sagatavoju\u0161i prec\u012bzu un izsme\u013co\u0161u inform\u0101ciju par viesn\u012bcas pakalpojumiem un k\u0101rt\u012bbu. Ja \u0161aj\u0101 sarakst\u0101 tr\u016bkst k\u0101das Jums b\u016btiskas inform\u0101cijas, l\u016bdzam sazin\u0101ties ar mums pa e-pastu info@rvrsmart.com vai t\u0101lruni +371 27051333 . Re\u0123istr\u0113\u0161an\u0101s \/ izrakst\u012b\u0161an\u0101s laiks \u00a0 Re\u0123istr\u0113\u0161an\u0101s laiks No 15:00 Re\u0123istr\u0101cija Minim\u0101lais re\u0123istr\u0113\u0161an\u0101s vecums [&hellip;]","og_url":"https:\/\/rvrsmart.com\/lv\/viesnicas-noteikumi\/","og_site_name":"RVR Smart Apartments Riga","article_modified_time":"2025-06-10T18:25:32+00:00","twitter_card":"summary_large_image","twitter_misc":{"Est. reading time":"2 minutes"},"schema":{"@context":"https:\/\/schema.org","@graph":[{"@type":"WebPage","@id":"https:\/\/rvrsmart.com\/lv\/viesnicas-noteikumi\/","url":"https:\/\/rvrsmart.com\/lv\/viesnicas-noteikumi\/","name":"Viesn\u012bcas noteikumi - RVR Smart Apartments Riga","isPartOf":{"@id":"https:\/\/rvrsmart.com\/lv\/#website"},"datePublished":"2025-06-09T15:17:23+00:00","dateModified":"2025-06-10T18:25:32+00:00","breadcrumb":{"@id":"https:\/\/rvrsmart.com\/lv\/viesnicas-noteikumi\/#breadcrumb"},"inLanguage":"lv-LV","potentialAction":[{"@type":"ReadAction","target":["https:\/\/rvrsmart.com\/lv\/viesnicas-noteikumi\/"]}]},{"@type":"BreadcrumbList","@id":"https:\/\/rvrsmart.com\/lv\/viesnicas-noteikumi\/#breadcrumb","itemListElement":[{"@type":"ListItem","position":1,"name":"Home","item":"https:\/\/rvrsmart.com\/lv\/"},{"@type":"ListItem","position":2,"name":"Viesn\u012bcas noteikumi"}]},{"@type":"WebSite","@id":"https:\/\/rvrsmart.com\/lv\/#website","url":"https:\/\/rvrsmart.com\/lv\/","name":"RVR Smart Apartments Riga","description":"Dz\u012bvok\u013cu \u012bre R\u012bg\u0101, \u012bstermi\u0146\u0101 un ilgtermi\u0146\u0101.","publisher":{"@id":"https:\/\/rvrsmart.com\/lv\/#organization"},"potentialAction":[{"@type":"SearchAction","target":{"@type":"EntryPoint","urlTemplate":"https:\/\/rvrsmart.com\/lv\/?s={search_term_string}"},"query-input":{"@type":"PropertyValueSpecification","valueRequired":true,"valueName":"search_term_string"}}],"inLanguage":"lv-LV"},{"@type":"Organization","@id":"https:\/\/rvrsmart.com\/lv\/#organization","name":"RVR Smart Apartments Riga","url":"https:\/\/rvrsmart.com\/lv\/","logo":{"@type":"ImageObject","inLanguage":"lv-LV","@id":"https:\/\/rvrsmart.com\/lv\/#\/schema\/logo\/image\/","url":"https:\/\/rvrsmart.com\/wp-content\/uploads\/2023\/02\/cropped-LOGO-RVR-SMART.jpg","contentUrl":"https:\/\/rvrsmart.com\/wp-content\/uploads\/2023\/02\/cropped-LOGO-RVR-SMART.jpg","width":479,"height":263,"caption":"RVR Smart Apartments Riga"},"image":{"@id":"https:\/\/rvrsmart.com\/lv\/#\/schema\/logo\/image\/"}}]}},"_links":{"self":[{"href":"https:\/\/rvrsmart.com\/lv\/wp-json\/wp\/v2\/pages\/20328","targetHints":{"allow":["GET"]}}],"collection":[{"href":"https:\/\/rvrsmart.com\/lv\/wp-json\/wp\/v2\/pages"}],"about":[{"href":"https:\/\/rvrsmart.com\/lv\/wp-json\/wp\/v2\/types\/page"}],"author":[{"embeddable":true,"href":"https:\/\/rvrsmart.com\/lv\/wp-json\/wp\/v2\/users\/1"}],"replies":[{"embeddable":true,"href":"https:\/\/rvrsmart.com\/lv\/wp-json\/wp\/v2\/comments?post=20328"}],"version-history":[{"count":4,"href":"https:\/\/rvrsmart.com\/lv\/wp-json\/wp\/v2\/pages\/20328\/revisions"}],"predecessor-version":[{"id":20449,"href":"https:\/\/rvrsmart.com\/lv\/wp-json\/wp\/v2\/pages\/20328\/revisions\/20449"}],"wp:attachment":[{"href":"https:\/\/rvrsmart.com\/lv\/wp-json\/wp\/v2\/media?parent=20328"}],"curies":[{"name":"wp","href":"https:\/\/api.w.org\/{rel}","templated":true}]}}