{"id":2678,"date":"2019-08-20T12:10:13","date_gmt":"2019-08-20T12:10:13","guid":{"rendered":"https:\/\/rvrsmart.com\/kontakti\/"},"modified":"2025-08-06T09:03:10","modified_gmt":"2025-08-06T09:03:10","slug":"kontakti","status":"publish","type":"page","link":"https:\/\/rvrsmart.com\/lv\/kontakti\/","title":{"rendered":"Kontakti"},"content":{"rendered":"\n<div class=\"wp-block-columns has-2-columns is-layout-flex wp-container-core-columns-is-layout-28f84493 wp-block-columns-is-layout-flex\">\n<div class=\"wp-block-column is-layout-flow wp-block-column-is-layout-flow\">\n<div class=\"wp-block-getwid-advanced-heading\" style=\"margin-bottom:30px\"><h2 class=\"wp-block-getwid-advanced-heading__content\">K\u0101 m\u0113s varam jums pal\u012bdz\u0113t \u0161odien?<\/h2><\/div>\n\n\n\n<p>Ja jums ir k\u0101di jaut\u0101jumi par izmitin\u0101\u0161anu, sazinieties ar mums, m\u0113s priec\u0101simies, ja apmet\u012bsieties pie mums.<\/p>\n\n\n\n<p>Vienk\u0101r\u0161i ievadiet savus personas datus un m\u0113s ar jums sazin\u0101simies Atbalsta komanda parasti atbild vienas darba dienas laik\u0101, lai jums nav ilgi j\u0101gaida. Vai zvaniet mums. <\/p>\n\n\n\n<div style=\"height:20px\" aria-hidden=\"true\" class=\"wp-block-spacer\"><\/div>\n\n\n\n<figure class=\"wp-block-image size-full is-resized\"><img loading=\"lazy\" decoding=\"async\" width=\"567\" height=\"350\" src=\"https:\/\/rvrsmart.com\/wp-content\/uploads\/2023\/02\/LOGO-RVR-SMART.jpg\" alt=\"\" class=\"wp-image-1221\" style=\"width:261px;height:161px\" srcset=\"https:\/\/rvrsmart.com\/wp-content\/uploads\/2023\/02\/LOGO-RVR-SMART.jpg 567w, https:\/\/rvrsmart.com\/wp-content\/uploads\/2023\/02\/LOGO-RVR-SMART-300x185.jpg 300w\" sizes=\"auto, (max-width: 567px) 100vw, 567px\" \/><\/figure>\n\n\n\n<div class=\"wp-block-getwid-advanced-heading has-custom-font-size\" style=\"font-size:14px;margin-bottom:0px\"><span class=\"wp-block-getwid-advanced-heading__content\">Uz\u0146\u0113mums<\/span><\/div>\n\n\n\n<div class=\"wp-block-getwid-advanced-heading has-custom-font-size\" style=\"font-size:normal\"><span class=\"wp-block-getwid-advanced-heading__content has-text-color has-arsenic-color\" style=\"font-weight:500\">SPILVE VL SIA<br>Registration number: 40203064133<br>VAT number: LV40203064133<\/span><\/div>\n\n\n\n<div class=\"wp-block-getwid-advanced-heading has-custom-font-size\" style=\"font-size:14px;margin-bottom:0px\"><span class=\"wp-block-getwid-advanced-heading__content\">Adrese<\/span><\/div>\n\n\n\n<div class=\"wp-block-getwid-advanced-heading has-custom-font-size\" style=\"font-size:normal\"><span class=\"wp-block-getwid-advanced-heading__content has-text-color has-arsenic-color\" style=\"font-weight:500\">Gustava Zemgala gat. 77, Vidzemes priekspils\u0113ta, Teika, R\u012bga, LV-1039, Latvija<\/span><\/div>\n\n\n\n<div class=\"wp-block-getwid-advanced-heading has-custom-font-size\" style=\"font-size:14px;margin-bottom:0px\"><span class=\"wp-block-getwid-advanced-heading__content\">T\u0101lrunis  <\/span><\/div>\n\n\n\n<div class=\"wp-block-getwid-advanced-heading has-custom-font-size\" style=\"font-size:normal\"><span class=\"wp-block-getwid-advanced-heading__content has-text-color has-arsenic-color\" style=\"font-weight:500\"><a href=\"tel:37127051333\"><figure class=\"wp-block-image size-large is-resized\"><i class=\"fas fa-phone\"><\/i>  +37127051333<\/figure><\/a><img loading=\"lazy\" decoding=\"async\" src=\"https:\/\/rvrsmart.com\/wp-content\/uploads\/2023\/03\/Whatsapp_logo.svg\" alt=\"\" width=\"120\" height=\"43\"><\/span><\/div>\n\n\n\n<div class=\"wp-block-getwid-advanced-heading has-custom-font-size\" style=\"font-size:14px;margin-bottom:0px\"><span class=\"wp-block-getwid-advanced-heading__content\">E-pasts<\/span><\/div>\n\n\n\n<div class=\"wp-block-getwid-advanced-heading has-custom-font-size\" style=\"font-size:normal\"><span class=\"wp-block-getwid-advanced-heading__content has-text-color has-arsenic-color\" style=\"font-weight:500\"><a href=\"mailto:info@rvrsmart.com\">info@rvrsmart.com<\/a><\/span><\/div>\n\n\n\n<p>Lai gan m\u016bsu v\u0113lamais re\u0123istr\u0113\u0161an\u0101s veids ir bezkontakta re\u0123istr\u0101cija, ja jums ir nepiecie\u0161ami m\u016bsu administr\u0101cijas pakalpojumi, l\u016bdzu, \u0146emiet v\u0113r\u0101 administr\u0101cijas darba laiku.<\/p>\n\n\n\n<p><strong>Pirmdiena:<\/strong> 9:30 &#8211; 16:30<br\/><strong>Otradiena:<\/strong> 9:30 &#8211; 16:30<br\/><strong>Tre\u0161diena:<\/strong> 9:30 &#8211; 16:30<br\/><strong>Ceturdiena:<\/strong> 9:30 &#8211; 16:30<br\/><strong>Piektdiena:<\/strong> 9:30 &#8211; 16:30<br\/><strong>Sestdiena:<\/strong> closed<br\/><strong>Sv\u0113tdiena:<\/strong> closed<\/p>\n<\/div>\n\n\n\n<div class=\"wp-block-column is-layout-flow wp-block-column-is-layout-flow\">\n<div id=\"contact\" class=\"wp-block-getwid-section is-style-with-shadow\"><div class=\"wp-block-getwid-section__wrapper getwid-padding-top-medium getwid-padding-bottom-medium getwid-padding-left-medium getwid-padding-right-medium\"><div class=\"wp-block-getwid-section__inner-wrapper\"><div class=\"wp-block-getwid-section__background-holder\"><div class=\"wp-block-getwid-section__background has-background has-white-background-color\"><\/div><div class=\"wp-block-getwid-section__foreground\"><\/div><\/div><div class=\"wp-block-getwid-section__content\"><div class=\"wp-block-getwid-section__inner-content\">        <div class=\"wp-block-getwid-contact-form\" >\n            <form class='wp-block-getwid-contact-form__form'>\n    \n        <p class='wp-block-getwid-field-name'>\n\t    <label\n        for='name-69e4935b5d2b4'\n        class='wp-block-getwid-field-name__label'\n    >Your Name *<\/label>\n\t    <input id='name-69e4935b5d2b4' type='text' name='name'            placeholder='Enter Your Name'             required=''\n            \/>\n<\/p>\n\n\n        <p class='wp-block-getwid-field-email'>\n\t    <label\n\t\tfor='email-69e4935b5d777'\n        class='wp-block-getwid-field-email__label'\n    >Your Email *<\/label>\n\t    <input id='email-69e4935b5d777' type='email' name='email'             placeholder='Enter Your Email'             required=''    \/>\n<\/p>\n\n\n        <p class='wp-block-getwid-field-textarea'>\n\t    <label\n\t\tfor='message-69e4935b5db86'\n        class='wp-block-getwid-field-textarea__label'\n    >Message<\/label>\n\t    <textarea\n\t\tid='message-69e4935b5db86' rows='5' name='message'            placeholder='Comment'            required=''\n            ><\/textarea>\n<\/p>\n\n\n    <input name='subject' \t\ttype='hidden'\n\t\/>\n\n\t<p class='wp-block-getwid-contact-form__result'><\/p>\n\n\t<div class='wp-block-getwid-contact-form__submit'>\n\t\t<div class='wp-block-button'>\n\t\t\t<button\n\t\t\t\ttype='submit'\n\t\t\t\tclass='wp-block-button__link '\t\t\t\t\tstyle=''\t\t\t>Send Message<\/button>\n\t\t<\/div>\n\n\t<\/div>\n<\/form>\n        <\/div><\/div><\/div><\/div><\/div><\/div>\n<\/div>\n<\/div>\n\n<div style=\"height:20px\" aria-hidden=\"true\" class=\"wp-block-spacer\"><\/div>\n\n<div data-map-zoom=\"17\" data-interaction=\"cooperative\" data-map-style=\"default\" data-map-center=\"{\"lat\":56.9764903,\"lng\":24.1636994}\" data-zoom-control=\"true\" data-type-control=\"true\" data-street-view-control=\"true\" data-full-screen-control=\"false\" data-map-markers=\"[{\"name\":\"RVR Smart Apartements Riga\",\"description\":\"RVR Smart Apartements Riga\",\"popUpOpen\":true,\"popUpMaxWidth\":250,\"bounce\":false,\"coords\":{\"lat\":56.9764903,\"lng\":24.1636994}}]\" class=\"wp-block-getwid-map\"><div style=\"height:400px\" class=\"wp-block-getwid-map__container\"><\/div><ul class=\"wp-block-getwid-map__points\"><li><a href=\"https:\/\/maps.google.com\/?q=56.9764903,24.1636994&amp;ll=56.9764903,24.1636994&amp;z=17\">RVR Smart Apartaments Riga<\/a><\/li><\/ul><\/div>\n","protected":false},"excerpt":{"rendered":"<p>Ja jums ir k\u0101di jaut\u0101jumi par naktsm\u012btn\u0113m, sazinieties ar mums. M\u0113s esam \u013coti gandar\u012bti, ka esiet izv\u0113l\u0113ju\u0161ies m\u016bs. M\u0113s atbild\u0113sim uz visiem j\u016bsu jaut\u0101jumiem.<\/p>\n","protected":false},"author":1,"featured_media":0,"parent":0,"menu_order":0,"comment_status":"closed","ping_status":"closed","template":"template-wide-page.php","meta":{"inline_featured_image":false,"_exactmetrics_skip_tracking":false,"_exactmetrics_sitenote_active":false,"_exactmetrics_sitenote_note":"","_exactmetrics_sitenote_category":0,"footnotes":""},"class_list":["post-2678","page","type-page","status-publish","hentry"],"yoast_head":"<!-- This site is optimized with the Yoast SEO plugin v27.3 - https:\/\/yoast.com\/product\/yoast-seo-wordpress\/ -->\n<title>Kontakti - RVR Smart Apartments Riga<\/title>\n<meta name=\"description\" content=\"Ja jums ir k\u0101di jaut\u0101jumi par izmitin\u0101\u0161anu, sazinieties ar mums, m\u0113s priec\u0101simies, ja apmet\u012bsieties pie mums.\" \/>\n<meta name=\"robots\" content=\"index, follow, max-snippet:-1, max-image-preview:large, max-video-preview:-1\" \/>\n<link rel=\"canonical\" href=\"https:\/\/rvrsmart.com\/lv\/kontakti\/\" \/>\n<meta property=\"og:locale\" content=\"lv_LV\" \/>\n<meta property=\"og:type\" content=\"article\" \/>\n<meta property=\"og:title\" content=\"Kontakti - RVR Smart Apartments Riga\" \/>\n<meta property=\"og:description\" content=\"Ja jums ir k\u0101di jaut\u0101jumi par izmitin\u0101\u0161anu, sazinieties ar mums, m\u0113s priec\u0101simies, ja apmet\u012bsieties pie mums.\" \/>\n<meta property=\"og:url\" content=\"https:\/\/rvrsmart.com\/lv\/kontakti\/\" \/>\n<meta property=\"og:site_name\" content=\"RVR Smart Apartments Riga\" \/>\n<meta property=\"article:modified_time\" content=\"2025-08-06T09:03:10+00:00\" \/>\n<meta property=\"og:image\" content=\"https:\/\/rvrsmart.com\/wp-content\/uploads\/2023\/02\/LOGO-RVR-SMART.jpg\" \/>\n\t<meta property=\"og:image:width\" content=\"567\" \/>\n\t<meta property=\"og:image:height\" content=\"350\" \/>\n\t<meta property=\"og:image:type\" content=\"image\/jpeg\" \/>\n<meta name=\"twitter:card\" content=\"summary_large_image\" \/>\n<meta name=\"twitter:label1\" content=\"Est. reading time\" \/>\n\t<meta name=\"twitter:data1\" content=\"1 minute\" \/>\n<script type=\"application\/ld+json\" class=\"yoast-schema-graph\">{\"@context\":\"https:\\\/\\\/schema.org\",\"@graph\":[{\"@type\":\"WebPage\",\"@id\":\"https:\\\/\\\/rvrsmart.com\\\/lv\\\/kontakti\\\/\",\"url\":\"https:\\\/\\\/rvrsmart.com\\\/lv\\\/kontakti\\\/\",\"name\":\"Kontakti - RVR Smart Apartments Riga\",\"isPartOf\":{\"@id\":\"https:\\\/\\\/rvrsmart.com\\\/lv\\\/#website\"},\"primaryImageOfPage\":{\"@id\":\"https:\\\/\\\/rvrsmart.com\\\/lv\\\/kontakti\\\/#primaryimage\"},\"image\":{\"@id\":\"https:\\\/\\\/rvrsmart.com\\\/lv\\\/kontakti\\\/#primaryimage\"},\"thumbnailUrl\":\"https:\\\/\\\/rvrsmart.com\\\/wp-content\\\/uploads\\\/2023\\\/02\\\/LOGO-RVR-SMART.jpg\",\"datePublished\":\"2019-08-20T12:10:13+00:00\",\"dateModified\":\"2025-08-06T09:03:10+00:00\",\"description\":\"Ja jums ir k\u0101di jaut\u0101jumi par izmitin\u0101\u0161anu, sazinieties ar mums, m\u0113s priec\u0101simies, ja apmet\u012bsieties pie mums.\",\"breadcrumb\":{\"@id\":\"https:\\\/\\\/rvrsmart.com\\\/lv\\\/kontakti\\\/#breadcrumb\"},\"inLanguage\":\"lv-LV\",\"potentialAction\":[{\"@type\":\"ReadAction\",\"target\":[\"https:\\\/\\\/rvrsmart.com\\\/lv\\\/kontakti\\\/\"]}]},{\"@type\":\"ImageObject\",\"inLanguage\":\"lv-LV\",\"@id\":\"https:\\\/\\\/rvrsmart.com\\\/lv\\\/kontakti\\\/#primaryimage\",\"url\":\"https:\\\/\\\/rvrsmart.com\\\/wp-content\\\/uploads\\\/2023\\\/02\\\/LOGO-RVR-SMART.jpg\",\"contentUrl\":\"https:\\\/\\\/rvrsmart.com\\\/wp-content\\\/uploads\\\/2023\\\/02\\\/LOGO-RVR-SMART.jpg\"},{\"@type\":\"BreadcrumbList\",\"@id\":\"https:\\\/\\\/rvrsmart.com\\\/lv\\\/kontakti\\\/#breadcrumb\",\"itemListElement\":[{\"@type\":\"ListItem\",\"position\":1,\"name\":\"Home\",\"item\":\"https:\\\/\\\/rvrsmart.com\\\/lv\\\/\"},{\"@type\":\"ListItem\",\"position\":2,\"name\":\"Kontakti\"}]},{\"@type\":\"WebSite\",\"@id\":\"https:\\\/\\\/rvrsmart.com\\\/lv\\\/#website\",\"url\":\"https:\\\/\\\/rvrsmart.com\\\/lv\\\/\",\"name\":\"RVR Smart Apartments Riga\",\"description\":\"Dz\u012bvok\u013cu \u012bre R\u012bg\u0101, \u012bstermi\u0146\u0101 un ilgtermi\u0146\u0101.\",\"publisher\":{\"@id\":\"https:\\\/\\\/rvrsmart.com\\\/lv\\\/#organization\"},\"potentialAction\":[{\"@type\":\"SearchAction\",\"target\":{\"@type\":\"EntryPoint\",\"urlTemplate\":\"https:\\\/\\\/rvrsmart.com\\\/lv\\\/?s={search_term_string}\"},\"query-input\":{\"@type\":\"PropertyValueSpecification\",\"valueRequired\":true,\"valueName\":\"search_term_string\"}}],\"inLanguage\":\"lv-LV\"},{\"@type\":\"Organization\",\"@id\":\"https:\\\/\\\/rvrsmart.com\\\/lv\\\/#organization\",\"name\":\"RVR Smart Apartments Riga\",\"url\":\"https:\\\/\\\/rvrsmart.com\\\/lv\\\/\",\"logo\":{\"@type\":\"ImageObject\",\"inLanguage\":\"lv-LV\",\"@id\":\"https:\\\/\\\/rvrsmart.com\\\/lv\\\/#\\\/schema\\\/logo\\\/image\\\/\",\"url\":\"https:\\\/\\\/rvrsmart.com\\\/wp-content\\\/uploads\\\/2023\\\/02\\\/cropped-LOGO-RVR-SMART.jpg\",\"contentUrl\":\"https:\\\/\\\/rvrsmart.com\\\/wp-content\\\/uploads\\\/2023\\\/02\\\/cropped-LOGO-RVR-SMART.jpg\",\"width\":479,\"height\":263,\"caption\":\"RVR Smart Apartments Riga\"},\"image\":{\"@id\":\"https:\\\/\\\/rvrsmart.com\\\/lv\\\/#\\\/schema\\\/logo\\\/image\\\/\"}}]}<\/script>\n<!-- \/ Yoast SEO plugin. -->","yoast_head_json":{"title":"Kontakti - RVR Smart Apartments Riga","description":"Ja jums ir k\u0101di jaut\u0101jumi par izmitin\u0101\u0161anu, sazinieties ar mums, m\u0113s priec\u0101simies, ja apmet\u012bsieties pie mums.","robots":{"index":"index","follow":"follow","max-snippet":"max-snippet:-1","max-image-preview":"max-image-preview:large","max-video-preview":"max-video-preview:-1"},"canonical":"https:\/\/rvrsmart.com\/lv\/kontakti\/","og_locale":"lv_LV","og_type":"article","og_title":"Kontakti - RVR Smart Apartments Riga","og_description":"Ja jums ir k\u0101di jaut\u0101jumi par izmitin\u0101\u0161anu, sazinieties ar mums, m\u0113s priec\u0101simies, ja apmet\u012bsieties pie mums.","og_url":"https:\/\/rvrsmart.com\/lv\/kontakti\/","og_site_name":"RVR Smart Apartments Riga","article_modified_time":"2025-08-06T09:03:10+00:00","og_image":[{"width":567,"height":350,"url":"https:\/\/rvrsmart.com\/wp-content\/uploads\/2023\/02\/LOGO-RVR-SMART.jpg","type":"image\/jpeg"}],"twitter_card":"summary_large_image","twitter_misc":{"Est. reading time":"1 minute"},"schema":{"@context":"https:\/\/schema.org","@graph":[{"@type":"WebPage","@id":"https:\/\/rvrsmart.com\/lv\/kontakti\/","url":"https:\/\/rvrsmart.com\/lv\/kontakti\/","name":"Kontakti - RVR Smart Apartments Riga","isPartOf":{"@id":"https:\/\/rvrsmart.com\/lv\/#website"},"primaryImageOfPage":{"@id":"https:\/\/rvrsmart.com\/lv\/kontakti\/#primaryimage"},"image":{"@id":"https:\/\/rvrsmart.com\/lv\/kontakti\/#primaryimage"},"thumbnailUrl":"https:\/\/rvrsmart.com\/wp-content\/uploads\/2023\/02\/LOGO-RVR-SMART.jpg","datePublished":"2019-08-20T12:10:13+00:00","dateModified":"2025-08-06T09:03:10+00:00","description":"Ja jums ir k\u0101di jaut\u0101jumi par izmitin\u0101\u0161anu, sazinieties ar mums, m\u0113s priec\u0101simies, ja apmet\u012bsieties pie mums.","breadcrumb":{"@id":"https:\/\/rvrsmart.com\/lv\/kontakti\/#breadcrumb"},"inLanguage":"lv-LV","potentialAction":[{"@type":"ReadAction","target":["https:\/\/rvrsmart.com\/lv\/kontakti\/"]}]},{"@type":"ImageObject","inLanguage":"lv-LV","@id":"https:\/\/rvrsmart.com\/lv\/kontakti\/#primaryimage","url":"https:\/\/rvrsmart.com\/wp-content\/uploads\/2023\/02\/LOGO-RVR-SMART.jpg","contentUrl":"https:\/\/rvrsmart.com\/wp-content\/uploads\/2023\/02\/LOGO-RVR-SMART.jpg"},{"@type":"BreadcrumbList","@id":"https:\/\/rvrsmart.com\/lv\/kontakti\/#breadcrumb","itemListElement":[{"@type":"ListItem","position":1,"name":"Home","item":"https:\/\/rvrsmart.com\/lv\/"},{"@type":"ListItem","position":2,"name":"Kontakti"}]},{"@type":"WebSite","@id":"https:\/\/rvrsmart.com\/lv\/#website","url":"https:\/\/rvrsmart.com\/lv\/","name":"RVR Smart Apartments Riga","description":"Dz\u012bvok\u013cu \u012bre R\u012bg\u0101, \u012bstermi\u0146\u0101 un ilgtermi\u0146\u0101.","publisher":{"@id":"https:\/\/rvrsmart.com\/lv\/#organization"},"potentialAction":[{"@type":"SearchAction","target":{"@type":"EntryPoint","urlTemplate":"https:\/\/rvrsmart.com\/lv\/?s={search_term_string}"},"query-input":{"@type":"PropertyValueSpecification","valueRequired":true,"valueName":"search_term_string"}}],"inLanguage":"lv-LV"},{"@type":"Organization","@id":"https:\/\/rvrsmart.com\/lv\/#organization","name":"RVR Smart Apartments Riga","url":"https:\/\/rvrsmart.com\/lv\/","logo":{"@type":"ImageObject","inLanguage":"lv-LV","@id":"https:\/\/rvrsmart.com\/lv\/#\/schema\/logo\/image\/","url":"https:\/\/rvrsmart.com\/wp-content\/uploads\/2023\/02\/cropped-LOGO-RVR-SMART.jpg","contentUrl":"https:\/\/rvrsmart.com\/wp-content\/uploads\/2023\/02\/cropped-LOGO-RVR-SMART.jpg","width":479,"height":263,"caption":"RVR Smart Apartments Riga"},"image":{"@id":"https:\/\/rvrsmart.com\/lv\/#\/schema\/logo\/image\/"}}]}},"_links":{"self":[{"href":"https:\/\/rvrsmart.com\/lv\/wp-json\/wp\/v2\/pages\/2678","targetHints":{"allow":["GET"]}}],"collection":[{"href":"https:\/\/rvrsmart.com\/lv\/wp-json\/wp\/v2\/pages"}],"about":[{"href":"https:\/\/rvrsmart.com\/lv\/wp-json\/wp\/v2\/types\/page"}],"author":[{"embeddable":true,"href":"https:\/\/rvrsmart.com\/lv\/wp-json\/wp\/v2\/users\/1"}],"replies":[{"embeddable":true,"href":"https:\/\/rvrsmart.com\/lv\/wp-json\/wp\/v2\/comments?post=2678"}],"version-history":[{"count":11,"href":"https:\/\/rvrsmart.com\/lv\/wp-json\/wp\/v2\/pages\/2678\/revisions"}],"predecessor-version":[{"id":21894,"href":"https:\/\/rvrsmart.com\/lv\/wp-json\/wp\/v2\/pages\/2678\/revisions\/21894"}],"wp:attachment":[{"href":"https:\/\/rvrsmart.com\/lv\/wp-json\/wp\/v2\/media?parent=2678"}],"curies":[{"name":"wp","href":"https:\/\/api.w.org\/{rel}","templated":true}]}}