{"id":2692,"date":"2019-08-20T06:55:26","date_gmt":"2019-08-20T06:55:26","guid":{"rendered":"https:\/\/rvrsmart.com\/meklesanas-pieejamiba\/"},"modified":"2025-06-09T17:09:36","modified_gmt":"2025-06-09T17:09:36","slug":"search-availability","status":"publish","type":"page","link":"https:\/\/rvrsmart.com\/lv\/search-availability\/","title":{"rendered":"Mekl\u0113\u0161anas pieejam\u012bba"},"content":{"rendered":"<div class=\"mphb_sc_search-wrapper \">\n<form method=\"GET\" class=\"mphb_sc_search-form\" action=\"https:\/\/rvrsmart.com\/lv\/search-availability\/\" data-first_available_check_in_date=\"2027-05-08\">\n\n\t\n\t<p class=\"mphb_sc_search-check-in-date\">\n\t\t<label for=\"mphb_check_in_date-mphb-search-form-69f85636e29c6\">\n\t\t\tIera\u0161an\u0101s\t\t\t<abbr title=\"Formatted as dd\/mm\/yyyy\">*<\/abbr>\n\t\t<\/label>\n\t\t<br \/>\n\t\t<input\n\t\t\tid=\"mphb_check_in_date-mphb-search-form-69f85636e29c6\"\n\t\t\tdata-datepick-group=\"mphb-search-form-69f85636e29c6\"\n\t\t\tvalue=\"\"\n\t\t\tplaceholder=\"Iera\u0161an\u0101s datums\"\n\t\t\trequired=\"required\"\n\t\t\ttype=\"text\"\n\t\t\tinputmode=\"none\"\n\t\t\tname=\"mphb_check_in_date\"\n\t\t\tclass=\"mphb-datepick\"\n\t\t\tautocomplete=\"off\"\n\t\t\t\/>\n\t<\/p>\n\n\t<p class=\"mphb_sc_search-check-out-date\">\n\t\t<label for=\"mphb_check_out_date-mphb-search-form-69f85636e29c6\">\n\t\t\tIzbrauk\u0161ana\t\t\t<abbr title=\"Formatted as dd\/mm\/yyyy\">*<\/abbr>\n\t\t<\/label>\n\t\t<br \/>\n\t\t<input\n\t\t\tid=\"mphb_check_out_date-mphb-search-form-69f85636e29c6\"\n\t\t\tdata-datepick-group=\"mphb-search-form-69f85636e29c6\"\n\t\t\tvalue=\"\"\n\t\t\tplaceholder=\"Izbrauk\u0161anas datums\"\n\t\t\trequired=\"required\"\n\t\t\ttype=\"text\"\n\t\t\tinputmode=\"none\"\n\t\t\tname=\"mphb_check_out_date\"\n\t\t\tclass=\"mphb-datepick\"\n\t\t\tautocomplete=\"off\"\n\t\t\t\/>\n\t<\/p>\n\n\t\t\t<input type=\"hidden\" id=\"mphb_adults-mphb-search-form-69f85636e29c6\" name=\"mphb_adults\" value=\"1\" \/>\n\t\n\t\t\t<input type=\"hidden\" id=\"mphb_children-mphb-search-form-69f85636e29c6\" name=\"mphb_children\" value=\"0\" \/>\n\t\n\t\n\t\n\t<input id=\"mphb_check_in_date-mphb-search-form-69f85636e29c6-hidden\" value=\"\" type=\"hidden\" name=\"mphb_check_in_date\" \/><input id=\"mphb_check_out_date-mphb-search-form-69f85636e29c6-hidden\" value=\"\" type=\"hidden\" name=\"mphb_check_out_date\" \/>\n\t<p class=\"mphb_sc_search-submit-button-wrapper\">\n\t\t<input type=\"submit\" class=\"button\" value=\"Mekl\u0113t\"\/>\n\t<\/p>\n\n\t\n<\/form>\n<\/div>\n\n<p><\/p>\n","protected":false},"excerpt":{"rendered":"","protected":false},"author":1,"featured_media":0,"parent":0,"menu_order":0,"comment_status":"closed","ping_status":"closed","template":"","meta":{"inline_featured_image":false,"_exactmetrics_skip_tracking":false,"_exactmetrics_sitenote_active":false,"_exactmetrics_sitenote_note":"","_exactmetrics_sitenote_category":0,"footnotes":""},"class_list":["post-2692","page","type-page","status-publish","hentry"],"yoast_head":"<!-- This site is optimized with the Yoast SEO plugin v27.3 - https:\/\/yoast.com\/product\/yoast-seo-wordpress\/ -->\n<title>Mekl\u0113\u0161anas pieejam\u012bba - RVR Smart Apartments Riga<\/title>\n<meta name=\"robots\" content=\"index, follow, max-snippet:-1, max-image-preview:large, max-video-preview:-1\" \/>\n<link rel=\"canonical\" href=\"https:\/\/rvrsmart.com\/lv\/search-availability\/\" \/>\n<meta property=\"og:locale\" content=\"lv_LV\" \/>\n<meta property=\"og:type\" content=\"article\" \/>\n<meta property=\"og:title\" content=\"Mekl\u0113\u0161anas pieejam\u012bba - RVR Smart Apartments Riga\" \/>\n<meta property=\"og:url\" content=\"https:\/\/rvrsmart.com\/lv\/search-availability\/\" \/>\n<meta property=\"og:site_name\" content=\"RVR Smart Apartments Riga\" \/>\n<meta property=\"article:modified_time\" content=\"2025-06-09T17:09:36+00:00\" \/>\n<meta name=\"twitter:card\" content=\"summary_large_image\" \/>\n<script type=\"application\/ld+json\" class=\"yoast-schema-graph\">{\"@context\":\"https:\\\/\\\/schema.org\",\"@graph\":[{\"@type\":\"WebPage\",\"@id\":\"https:\\\/\\\/rvrsmart.com\\\/lv\\\/search-availability\\\/\",\"url\":\"https:\\\/\\\/rvrsmart.com\\\/lv\\\/search-availability\\\/\",\"name\":\"Mekl\u0113\u0161anas pieejam\u012bba - RVR Smart Apartments Riga\",\"isPartOf\":{\"@id\":\"https:\\\/\\\/rvrsmart.com\\\/lv\\\/#website\"},\"datePublished\":\"2019-08-20T06:55:26+00:00\",\"dateModified\":\"2025-06-09T17:09:36+00:00\",\"breadcrumb\":{\"@id\":\"https:\\\/\\\/rvrsmart.com\\\/lv\\\/search-availability\\\/#breadcrumb\"},\"inLanguage\":\"lv-LV\",\"potentialAction\":[{\"@type\":\"ReadAction\",\"target\":[\"https:\\\/\\\/rvrsmart.com\\\/lv\\\/search-availability\\\/\"]}]},{\"@type\":\"BreadcrumbList\",\"@id\":\"https:\\\/\\\/rvrsmart.com\\\/lv\\\/search-availability\\\/#breadcrumb\",\"itemListElement\":[{\"@type\":\"ListItem\",\"position\":1,\"name\":\"Home\",\"item\":\"https:\\\/\\\/rvrsmart.com\\\/lv\\\/\"},{\"@type\":\"ListItem\",\"position\":2,\"name\":\"Mekl\u0113\u0161anas pieejam\u012bba\"}]},{\"@type\":\"WebSite\",\"@id\":\"https:\\\/\\\/rvrsmart.com\\\/lv\\\/#website\",\"url\":\"https:\\\/\\\/rvrsmart.com\\\/lv\\\/\",\"name\":\"RVR Smart Apartments Riga\",\"description\":\"Dz\u012bvok\u013cu \u012bre R\u012bg\u0101, \u012bstermi\u0146\u0101 un ilgtermi\u0146\u0101.\",\"publisher\":{\"@id\":\"https:\\\/\\\/rvrsmart.com\\\/lv\\\/#organization\"},\"potentialAction\":[{\"@type\":\"SearchAction\",\"target\":{\"@type\":\"EntryPoint\",\"urlTemplate\":\"https:\\\/\\\/rvrsmart.com\\\/lv\\\/?s={search_term_string}\"},\"query-input\":{\"@type\":\"PropertyValueSpecification\",\"valueRequired\":true,\"valueName\":\"search_term_string\"}}],\"inLanguage\":\"lv-LV\"},{\"@type\":\"Organization\",\"@id\":\"https:\\\/\\\/rvrsmart.com\\\/lv\\\/#organization\",\"name\":\"RVR Smart Apartments Riga\",\"url\":\"https:\\\/\\\/rvrsmart.com\\\/lv\\\/\",\"logo\":{\"@type\":\"ImageObject\",\"inLanguage\":\"lv-LV\",\"@id\":\"https:\\\/\\\/rvrsmart.com\\\/lv\\\/#\\\/schema\\\/logo\\\/image\\\/\",\"url\":\"https:\\\/\\\/rvrsmart.com\\\/wp-content\\\/uploads\\\/2023\\\/02\\\/cropped-LOGO-RVR-SMART.jpg\",\"contentUrl\":\"https:\\\/\\\/rvrsmart.com\\\/wp-content\\\/uploads\\\/2023\\\/02\\\/cropped-LOGO-RVR-SMART.jpg\",\"width\":479,\"height\":263,\"caption\":\"RVR Smart Apartments Riga\"},\"image\":{\"@id\":\"https:\\\/\\\/rvrsmart.com\\\/lv\\\/#\\\/schema\\\/logo\\\/image\\\/\"}}]}<\/script>\n<!-- \/ Yoast SEO plugin. -->","yoast_head_json":{"title":"Mekl\u0113\u0161anas pieejam\u012bba - RVR Smart Apartments Riga","robots":{"index":"index","follow":"follow","max-snippet":"max-snippet:-1","max-image-preview":"max-image-preview:large","max-video-preview":"max-video-preview:-1"},"canonical":"https:\/\/rvrsmart.com\/lv\/search-availability\/","og_locale":"lv_LV","og_type":"article","og_title":"Mekl\u0113\u0161anas pieejam\u012bba - RVR Smart Apartments Riga","og_url":"https:\/\/rvrsmart.com\/lv\/search-availability\/","og_site_name":"RVR Smart Apartments Riga","article_modified_time":"2025-06-09T17:09:36+00:00","twitter_card":"summary_large_image","schema":{"@context":"https:\/\/schema.org","@graph":[{"@type":"WebPage","@id":"https:\/\/rvrsmart.com\/lv\/search-availability\/","url":"https:\/\/rvrsmart.com\/lv\/search-availability\/","name":"Mekl\u0113\u0161anas pieejam\u012bba - RVR Smart Apartments Riga","isPartOf":{"@id":"https:\/\/rvrsmart.com\/lv\/#website"},"datePublished":"2019-08-20T06:55:26+00:00","dateModified":"2025-06-09T17:09:36+00:00","breadcrumb":{"@id":"https:\/\/rvrsmart.com\/lv\/search-availability\/#breadcrumb"},"inLanguage":"lv-LV","potentialAction":[{"@type":"ReadAction","target":["https:\/\/rvrsmart.com\/lv\/search-availability\/"]}]},{"@type":"BreadcrumbList","@id":"https:\/\/rvrsmart.com\/lv\/search-availability\/#breadcrumb","itemListElement":[{"@type":"ListItem","position":1,"name":"Home","item":"https:\/\/rvrsmart.com\/lv\/"},{"@type":"ListItem","position":2,"name":"Mekl\u0113\u0161anas pieejam\u012bba"}]},{"@type":"WebSite","@id":"https:\/\/rvrsmart.com\/lv\/#website","url":"https:\/\/rvrsmart.com\/lv\/","name":"RVR Smart Apartments Riga","description":"Dz\u012bvok\u013cu \u012bre R\u012bg\u0101, \u012bstermi\u0146\u0101 un ilgtermi\u0146\u0101.","publisher":{"@id":"https:\/\/rvrsmart.com\/lv\/#organization"},"potentialAction":[{"@type":"SearchAction","target":{"@type":"EntryPoint","urlTemplate":"https:\/\/rvrsmart.com\/lv\/?s={search_term_string}"},"query-input":{"@type":"PropertyValueSpecification","valueRequired":true,"valueName":"search_term_string"}}],"inLanguage":"lv-LV"},{"@type":"Organization","@id":"https:\/\/rvrsmart.com\/lv\/#organization","name":"RVR Smart Apartments Riga","url":"https:\/\/rvrsmart.com\/lv\/","logo":{"@type":"ImageObject","inLanguage":"lv-LV","@id":"https:\/\/rvrsmart.com\/lv\/#\/schema\/logo\/image\/","url":"https:\/\/rvrsmart.com\/wp-content\/uploads\/2023\/02\/cropped-LOGO-RVR-SMART.jpg","contentUrl":"https:\/\/rvrsmart.com\/wp-content\/uploads\/2023\/02\/cropped-LOGO-RVR-SMART.jpg","width":479,"height":263,"caption":"RVR Smart Apartments Riga"},"image":{"@id":"https:\/\/rvrsmart.com\/lv\/#\/schema\/logo\/image\/"}}]}},"_links":{"self":[{"href":"https:\/\/rvrsmart.com\/lv\/wp-json\/wp\/v2\/pages\/2692","targetHints":{"allow":["GET"]}}],"collection":[{"href":"https:\/\/rvrsmart.com\/lv\/wp-json\/wp\/v2\/pages"}],"about":[{"href":"https:\/\/rvrsmart.com\/lv\/wp-json\/wp\/v2\/types\/page"}],"author":[{"embeddable":true,"href":"https:\/\/rvrsmart.com\/lv\/wp-json\/wp\/v2\/users\/1"}],"replies":[{"embeddable":true,"href":"https:\/\/rvrsmart.com\/lv\/wp-json\/wp\/v2\/comments?post=2692"}],"version-history":[{"count":2,"href":"https:\/\/rvrsmart.com\/lv\/wp-json\/wp\/v2\/pages\/2692\/revisions"}],"predecessor-version":[{"id":20429,"href":"https:\/\/rvrsmart.com\/lv\/wp-json\/wp\/v2\/pages\/2692\/revisions\/20429"}],"wp:attachment":[{"href":"https:\/\/rvrsmart.com\/lv\/wp-json\/wp\/v2\/media?parent=2692"}],"curies":[{"name":"wp","href":"https:\/\/api.w.org\/{rel}","templated":true}]}}