{"id":2700,"date":"2019-08-20T06:55:27","date_gmt":"2019-08-20T06:55:27","guid":{"rendered":"https:\/\/rvrsmart.com\/rezervacijas-apstiprinajums\/rezervacija-atcelta\/"},"modified":"2024-07-10T11:22:47","modified_gmt":"2024-07-10T11:22:47","slug":"rezervacija-atcelta","status":"publish","type":"page","link":"https:\/\/rvrsmart.com\/lv\/rezervacijas-apstiprinajums\/rezervacija-atcelta\/","title":{"rendered":"Rezerv\u0101cija atcelta"},"content":{"rendered":"<p>J\u016bsu rezerv\u0101cija ir atcelta.<\/p>\n","protected":false},"excerpt":{"rendered":"<p>J\u016bsu rezerv\u0101cija ir atcelta.<\/p>\n","protected":false},"author":1,"featured_media":0,"parent":2698,"menu_order":0,"comment_status":"closed","ping_status":"closed","template":"","meta":{"inline_featured_image":false,"_exactmetrics_skip_tracking":false,"_exactmetrics_sitenote_active":false,"_exactmetrics_sitenote_note":"","_exactmetrics_sitenote_category":0,"footnotes":""},"class_list":["post-2700","page","type-page","status-publish","hentry"],"yoast_head":"<!-- This site is optimized with the Yoast SEO plugin v27.3 - https:\/\/yoast.com\/product\/yoast-seo-wordpress\/ -->\n<title>Rezerv\u0101cija atcelta - RVR Smart Apartments Riga<\/title>\n<meta name=\"robots\" content=\"index, follow, max-snippet:-1, max-image-preview:large, max-video-preview:-1\" \/>\n<link rel=\"canonical\" href=\"https:\/\/rvrsmart.com\/lv\/rezervacijas-apstiprinajums\/rezervacija-atcelta\/\" \/>\n<meta property=\"og:locale\" content=\"lv_LV\" \/>\n<meta property=\"og:type\" content=\"article\" \/>\n<meta property=\"og:title\" content=\"Rezerv\u0101cija atcelta - RVR Smart Apartments Riga\" \/>\n<meta property=\"og:description\" content=\"J\u016bsu rezerv\u0101cija ir atcelta.\" \/>\n<meta property=\"og:url\" content=\"https:\/\/rvrsmart.com\/lv\/rezervacijas-apstiprinajums\/rezervacija-atcelta\/\" \/>\n<meta property=\"og:site_name\" content=\"RVR Smart Apartments Riga\" \/>\n<meta property=\"article:modified_time\" content=\"2024-07-10T11:22:47+00:00\" \/>\n<meta name=\"twitter:card\" content=\"summary_large_image\" \/>\n<script type=\"application\/ld+json\" class=\"yoast-schema-graph\">{\"@context\":\"https:\\\/\\\/schema.org\",\"@graph\":[{\"@type\":\"WebPage\",\"@id\":\"https:\\\/\\\/rvrsmart.com\\\/lv\\\/rezervacijas-apstiprinajums\\\/rezervacija-atcelta\\\/\",\"url\":\"https:\\\/\\\/rvrsmart.com\\\/lv\\\/rezervacijas-apstiprinajums\\\/rezervacija-atcelta\\\/\",\"name\":\"Rezerv\u0101cija atcelta - RVR Smart Apartments Riga\",\"isPartOf\":{\"@id\":\"https:\\\/\\\/rvrsmart.com\\\/lv\\\/#website\"},\"datePublished\":\"2019-08-20T06:55:27+00:00\",\"dateModified\":\"2024-07-10T11:22:47+00:00\",\"breadcrumb\":{\"@id\":\"https:\\\/\\\/rvrsmart.com\\\/lv\\\/rezervacijas-apstiprinajums\\\/rezervacija-atcelta\\\/#breadcrumb\"},\"inLanguage\":\"lv-LV\",\"potentialAction\":[{\"@type\":\"ReadAction\",\"target\":[\"https:\\\/\\\/rvrsmart.com\\\/lv\\\/rezervacijas-apstiprinajums\\\/rezervacija-atcelta\\\/\"]}]},{\"@type\":\"BreadcrumbList\",\"@id\":\"https:\\\/\\\/rvrsmart.com\\\/lv\\\/rezervacijas-apstiprinajums\\\/rezervacija-atcelta\\\/#breadcrumb\",\"itemListElement\":[{\"@type\":\"ListItem\",\"position\":1,\"name\":\"Home\",\"item\":\"https:\\\/\\\/rvrsmart.com\\\/lv\\\/\"},{\"@type\":\"ListItem\",\"position\":2,\"name\":\"Rezerv\u0101cijas apstiprin\u0101jums\",\"item\":\"https:\\\/\\\/rvrsmart.com\\\/lv\\\/rezervacijas-apstiprinajums\\\/\"},{\"@type\":\"ListItem\",\"position\":3,\"name\":\"Rezerv\u0101cija atcelta\"}]},{\"@type\":\"WebSite\",\"@id\":\"https:\\\/\\\/rvrsmart.com\\\/lv\\\/#website\",\"url\":\"https:\\\/\\\/rvrsmart.com\\\/lv\\\/\",\"name\":\"RVR Smart Apartments Riga\",\"description\":\"Dz\u012bvok\u013cu \u012bre R\u012bg\u0101, \u012bstermi\u0146\u0101 un ilgtermi\u0146\u0101.\",\"publisher\":{\"@id\":\"https:\\\/\\\/rvrsmart.com\\\/lv\\\/#organization\"},\"potentialAction\":[{\"@type\":\"SearchAction\",\"target\":{\"@type\":\"EntryPoint\",\"urlTemplate\":\"https:\\\/\\\/rvrsmart.com\\\/lv\\\/?s={search_term_string}\"},\"query-input\":{\"@type\":\"PropertyValueSpecification\",\"valueRequired\":true,\"valueName\":\"search_term_string\"}}],\"inLanguage\":\"lv-LV\"},{\"@type\":\"Organization\",\"@id\":\"https:\\\/\\\/rvrsmart.com\\\/lv\\\/#organization\",\"name\":\"RVR Smart Apartments Riga\",\"url\":\"https:\\\/\\\/rvrsmart.com\\\/lv\\\/\",\"logo\":{\"@type\":\"ImageObject\",\"inLanguage\":\"lv-LV\",\"@id\":\"https:\\\/\\\/rvrsmart.com\\\/lv\\\/#\\\/schema\\\/logo\\\/image\\\/\",\"url\":\"https:\\\/\\\/rvrsmart.com\\\/wp-content\\\/uploads\\\/2023\\\/02\\\/cropped-LOGO-RVR-SMART.jpg\",\"contentUrl\":\"https:\\\/\\\/rvrsmart.com\\\/wp-content\\\/uploads\\\/2023\\\/02\\\/cropped-LOGO-RVR-SMART.jpg\",\"width\":479,\"height\":263,\"caption\":\"RVR Smart Apartments Riga\"},\"image\":{\"@id\":\"https:\\\/\\\/rvrsmart.com\\\/lv\\\/#\\\/schema\\\/logo\\\/image\\\/\"}}]}<\/script>\n<!-- \/ Yoast SEO plugin. -->","yoast_head_json":{"title":"Rezerv\u0101cija atcelta - RVR Smart Apartments Riga","robots":{"index":"index","follow":"follow","max-snippet":"max-snippet:-1","max-image-preview":"max-image-preview:large","max-video-preview":"max-video-preview:-1"},"canonical":"https:\/\/rvrsmart.com\/lv\/rezervacijas-apstiprinajums\/rezervacija-atcelta\/","og_locale":"lv_LV","og_type":"article","og_title":"Rezerv\u0101cija atcelta - RVR Smart Apartments Riga","og_description":"J\u016bsu rezerv\u0101cija ir atcelta.","og_url":"https:\/\/rvrsmart.com\/lv\/rezervacijas-apstiprinajums\/rezervacija-atcelta\/","og_site_name":"RVR Smart Apartments Riga","article_modified_time":"2024-07-10T11:22:47+00:00","twitter_card":"summary_large_image","schema":{"@context":"https:\/\/schema.org","@graph":[{"@type":"WebPage","@id":"https:\/\/rvrsmart.com\/lv\/rezervacijas-apstiprinajums\/rezervacija-atcelta\/","url":"https:\/\/rvrsmart.com\/lv\/rezervacijas-apstiprinajums\/rezervacija-atcelta\/","name":"Rezerv\u0101cija atcelta - RVR Smart Apartments Riga","isPartOf":{"@id":"https:\/\/rvrsmart.com\/lv\/#website"},"datePublished":"2019-08-20T06:55:27+00:00","dateModified":"2024-07-10T11:22:47+00:00","breadcrumb":{"@id":"https:\/\/rvrsmart.com\/lv\/rezervacijas-apstiprinajums\/rezervacija-atcelta\/#breadcrumb"},"inLanguage":"lv-LV","potentialAction":[{"@type":"ReadAction","target":["https:\/\/rvrsmart.com\/lv\/rezervacijas-apstiprinajums\/rezervacija-atcelta\/"]}]},{"@type":"BreadcrumbList","@id":"https:\/\/rvrsmart.com\/lv\/rezervacijas-apstiprinajums\/rezervacija-atcelta\/#breadcrumb","itemListElement":[{"@type":"ListItem","position":1,"name":"Home","item":"https:\/\/rvrsmart.com\/lv\/"},{"@type":"ListItem","position":2,"name":"Rezerv\u0101cijas apstiprin\u0101jums","item":"https:\/\/rvrsmart.com\/lv\/rezervacijas-apstiprinajums\/"},{"@type":"ListItem","position":3,"name":"Rezerv\u0101cija atcelta"}]},{"@type":"WebSite","@id":"https:\/\/rvrsmart.com\/lv\/#website","url":"https:\/\/rvrsmart.com\/lv\/","name":"RVR Smart Apartments Riga","description":"Dz\u012bvok\u013cu \u012bre R\u012bg\u0101, \u012bstermi\u0146\u0101 un ilgtermi\u0146\u0101.","publisher":{"@id":"https:\/\/rvrsmart.com\/lv\/#organization"},"potentialAction":[{"@type":"SearchAction","target":{"@type":"EntryPoint","urlTemplate":"https:\/\/rvrsmart.com\/lv\/?s={search_term_string}"},"query-input":{"@type":"PropertyValueSpecification","valueRequired":true,"valueName":"search_term_string"}}],"inLanguage":"lv-LV"},{"@type":"Organization","@id":"https:\/\/rvrsmart.com\/lv\/#organization","name":"RVR Smart Apartments Riga","url":"https:\/\/rvrsmart.com\/lv\/","logo":{"@type":"ImageObject","inLanguage":"lv-LV","@id":"https:\/\/rvrsmart.com\/lv\/#\/schema\/logo\/image\/","url":"https:\/\/rvrsmart.com\/wp-content\/uploads\/2023\/02\/cropped-LOGO-RVR-SMART.jpg","contentUrl":"https:\/\/rvrsmart.com\/wp-content\/uploads\/2023\/02\/cropped-LOGO-RVR-SMART.jpg","width":479,"height":263,"caption":"RVR Smart Apartments Riga"},"image":{"@id":"https:\/\/rvrsmart.com\/lv\/#\/schema\/logo\/image\/"}}]}},"_links":{"self":[{"href":"https:\/\/rvrsmart.com\/lv\/wp-json\/wp\/v2\/pages\/2700","targetHints":{"allow":["GET"]}}],"collection":[{"href":"https:\/\/rvrsmart.com\/lv\/wp-json\/wp\/v2\/pages"}],"about":[{"href":"https:\/\/rvrsmart.com\/lv\/wp-json\/wp\/v2\/types\/page"}],"author":[{"embeddable":true,"href":"https:\/\/rvrsmart.com\/lv\/wp-json\/wp\/v2\/users\/1"}],"replies":[{"embeddable":true,"href":"https:\/\/rvrsmart.com\/lv\/wp-json\/wp\/v2\/comments?post=2700"}],"version-history":[{"count":1,"href":"https:\/\/rvrsmart.com\/lv\/wp-json\/wp\/v2\/pages\/2700\/revisions"}],"predecessor-version":[{"id":11167,"href":"https:\/\/rvrsmart.com\/lv\/wp-json\/wp\/v2\/pages\/2700\/revisions\/11167"}],"up":[{"embeddable":true,"href":"https:\/\/rvrsmart.com\/lv\/wp-json\/wp\/v2\/pages\/2698"}],"wp:attachment":[{"href":"https:\/\/rvrsmart.com\/lv\/wp-json\/wp\/v2\/media?parent=2700"}],"curies":[{"name":"wp","href":"https:\/\/api.w.org\/{rel}","templated":true}]}}