{"id":9192,"date":"2019-08-20T11:29:12","date_gmt":"2019-08-20T11:29:12","guid":{"rendered":"https:\/\/rvrsmart.com\/meist\/"},"modified":"2019-08-20T11:29:12","modified_gmt":"2019-08-20T11:29:12","slug":"meist","status":"publish","type":"page","link":"https:\/\/rvrsmart.com\/lv\/meist\/","title":{"rendered":"Meie kohta"},"content":{"rendered":"","protected":false},"excerpt":{"rendered":"<p>Tere tulemast RVR Smart Apart hotelli, kus pakume l\u00fchiajalisi ja pikaajalisi m\u00f6bleeritud kortereid, sealhulgas puhkuse- ja korteriomandeid, kortereid ettev\u00f5tetele, kortereid pikemaks ajaks, igakuiseid \u00fc\u00fcrikortereid, teenindatavaid kortereid ja ajutisi elamispindu. Meie t\u00e4ielikult m\u00f6bleeritud korterid pakuvad mugavat kodust eemalviibimise kogemust, olgu tegemist siis n\u00e4dalavahetuse v\u00f5i pikema aja jooksul.<\/p>\n<p>Meie t\u00e4ielikult m\u00f6bleeritud korterid asuvad mugavas piirkonnas, kus on head \u00fchistranspordi\u00fchendused, ja on ideaalne valik l\u00fchiajaliseks v\u00f5i pikaajaliseks puhkuseks. Oleme uhked selle \u00fcle, et oleme keskkonnas\u00f5bralik hotell ja kasutame oma ruumides rohelist energiat. Meie p\u00fchendumine j\u00e4tkusuutlikkusele t\u00e4hendab, et saate nautida mugavat majutust, teades, et te m\u00f5jutate keskkonda positiivselt.<\/p>\n<p>Meie korterite \u00fc\u00fcrileandmisv\u00f5imaluste hulka kuuluvad mitmesugused mugavused, sealhulgas tasuta WiFi-\u00fchendus, lihtne asukoht ja hea \u00fchistransport, k\u00f5ik vajalikud k\u00f6\u00f6giseadmed, samuti tasuta parkimine ja elektriautode laadimisjaamad meie keskkonnateadlikele k\u00fclalistele. Meie kinnine ala pakub teile turvalist ja rahulikku keskkonda, mis tagab, et teie viibimine on v\u00f5imalikult stressivaba.<\/p>\n<p>Lisaks l\u00fchiajalistele ja pikaajalistele m\u00f6bleeritud korteritele pakume uhkusega ka b\u00fcroopindu. RVR Smart Apart hotellis m\u00f5istame, et mugav ja mugav t\u00f6\u00f6ruum on tootlikkuse jaoks h\u00e4davajalik, mist\u00f5ttu pakume t\u00e4ielikult varustatud kontoriruume, mis vastavad k\u00f5igile teie \u00e4rivajadustele. Meie kontoriruumid on ideaalne lahendus, olenemata sellest, kas vajate professionaalset keskkonda \u00fcheks p\u00e4evaks v\u00f5i pikemaks ajaks.<\/p>\n<p>Pole t\u00e4htis, millist t\u00fc\u00fcpi \u00fc\u00fcrituba te otsite, meie korterid ja kontoripinnad on ideaalne valik mugavaks igap\u00e4evaseks elamiseks ja t\u00f5husaks t\u00f6\u00f6tamiseks mugavas asukohas. V\u00f5tke meiega juba t\u00e4na \u00fchendust, et saada rohkem teavet meie rendiv\u00f5imaluste kohta.<\/p>\n","protected":false},"author":1,"featured_media":0,"parent":0,"menu_order":0,"comment_status":"closed","ping_status":"closed","template":"template-wide-page.php","meta":{"inline_featured_image":false,"_exactmetrics_skip_tracking":false,"_exactmetrics_sitenote_active":false,"_exactmetrics_sitenote_note":"","_exactmetrics_sitenote_category":0,"footnotes":""},"class_list":["post-9192","page","type-page","status-publish","hentry"],"yoast_head":"<!-- This site is optimized with the Yoast SEO plugin v27.3 - https:\/\/yoast.com\/product\/yoast-seo-wordpress\/ -->\n<title>- Apart hotel - RVR Smart Apartments Riga<\/title>\n<meta name=\"description\" content=\"Apart hotell pakub mugavat kodust \u00e4ra-kodu-kogemust, olenemata sellest, kas viibite seal n\u00e4dalavahetuseks v\u00f5i pikemaks ajaks.\" \/>\n<meta name=\"robots\" content=\"index, follow, max-snippet:-1, max-image-preview:large, max-video-preview:-1\" \/>\n<link rel=\"canonical\" href=\"https:\/\/rvrsmart.com\/lv\/meist\/\" \/>\n<meta property=\"og:locale\" content=\"lv_LV\" \/>\n<meta property=\"og:type\" content=\"article\" \/>\n<meta property=\"og:title\" content=\"- Apart hotel - RVR Smart Apartments Riga\" \/>\n<meta property=\"og:description\" content=\"Apart hotell pakub mugavat kodust \u00e4ra-kodu-kogemust, olenemata sellest, kas viibite seal n\u00e4dalavahetuseks v\u00f5i pikemaks ajaks.\" \/>\n<meta property=\"og:url\" content=\"https:\/\/rvrsmart.com\/lv\/meist\/\" \/>\n<meta property=\"og:site_name\" content=\"RVR Smart Apartments Riga\" \/>\n<meta name=\"twitter:card\" content=\"summary_large_image\" \/>\n<script type=\"application\/ld+json\" class=\"yoast-schema-graph\">{\"@context\":\"https:\\\/\\\/schema.org\",\"@graph\":[{\"@type\":\"WebPage\",\"@id\":\"https:\\\/\\\/rvrsmart.com\\\/lv\\\/meist\\\/\",\"url\":\"https:\\\/\\\/rvrsmart.com\\\/lv\\\/meist\\\/\",\"name\":\"- Apart hotel - RVR Smart Apartments Riga\",\"isPartOf\":{\"@id\":\"https:\\\/\\\/rvrsmart.com\\\/lv\\\/#website\"},\"datePublished\":\"2019-08-20T11:29:12+00:00\",\"description\":\"Apart hotell pakub mugavat kodust \u00e4ra-kodu-kogemust, olenemata sellest, kas viibite seal n\u00e4dalavahetuseks v\u00f5i pikemaks ajaks.\",\"breadcrumb\":{\"@id\":\"https:\\\/\\\/rvrsmart.com\\\/lv\\\/meist\\\/#breadcrumb\"},\"inLanguage\":\"lv-LV\",\"potentialAction\":[{\"@type\":\"ReadAction\",\"target\":[\"https:\\\/\\\/rvrsmart.com\\\/lv\\\/meist\\\/\"]}]},{\"@type\":\"BreadcrumbList\",\"@id\":\"https:\\\/\\\/rvrsmart.com\\\/lv\\\/meist\\\/#breadcrumb\",\"itemListElement\":[{\"@type\":\"ListItem\",\"position\":1,\"name\":\"Home\",\"item\":\"https:\\\/\\\/rvrsmart.com\\\/lv\\\/\"},{\"@type\":\"ListItem\",\"position\":2,\"name\":\"Meie kohta\"}]},{\"@type\":\"WebSite\",\"@id\":\"https:\\\/\\\/rvrsmart.com\\\/lv\\\/#website\",\"url\":\"https:\\\/\\\/rvrsmart.com\\\/lv\\\/\",\"name\":\"RVR Smart Apartments Riga\",\"description\":\"Dz\u012bvok\u013cu \u012bre R\u012bg\u0101, \u012bstermi\u0146\u0101 un ilgtermi\u0146\u0101.\",\"publisher\":{\"@id\":\"https:\\\/\\\/rvrsmart.com\\\/lv\\\/#organization\"},\"potentialAction\":[{\"@type\":\"SearchAction\",\"target\":{\"@type\":\"EntryPoint\",\"urlTemplate\":\"https:\\\/\\\/rvrsmart.com\\\/lv\\\/?s={search_term_string}\"},\"query-input\":{\"@type\":\"PropertyValueSpecification\",\"valueRequired\":true,\"valueName\":\"search_term_string\"}}],\"inLanguage\":\"lv-LV\"},{\"@type\":\"Organization\",\"@id\":\"https:\\\/\\\/rvrsmart.com\\\/lv\\\/#organization\",\"name\":\"RVR Smart Apartments Riga\",\"url\":\"https:\\\/\\\/rvrsmart.com\\\/lv\\\/\",\"logo\":{\"@type\":\"ImageObject\",\"inLanguage\":\"lv-LV\",\"@id\":\"https:\\\/\\\/rvrsmart.com\\\/lv\\\/#\\\/schema\\\/logo\\\/image\\\/\",\"url\":\"https:\\\/\\\/rvrsmart.com\\\/wp-content\\\/uploads\\\/2023\\\/02\\\/cropped-LOGO-RVR-SMART.jpg\",\"contentUrl\":\"https:\\\/\\\/rvrsmart.com\\\/wp-content\\\/uploads\\\/2023\\\/02\\\/cropped-LOGO-RVR-SMART.jpg\",\"width\":479,\"height\":263,\"caption\":\"RVR Smart Apartments Riga\"},\"image\":{\"@id\":\"https:\\\/\\\/rvrsmart.com\\\/lv\\\/#\\\/schema\\\/logo\\\/image\\\/\"}}]}<\/script>\n<!-- \/ Yoast SEO plugin. -->","yoast_head_json":{"title":"- Apart hotel - RVR Smart Apartments Riga","description":"Apart hotell pakub mugavat kodust \u00e4ra-kodu-kogemust, olenemata sellest, kas viibite seal n\u00e4dalavahetuseks v\u00f5i pikemaks ajaks.","robots":{"index":"index","follow":"follow","max-snippet":"max-snippet:-1","max-image-preview":"max-image-preview:large","max-video-preview":"max-video-preview:-1"},"canonical":"https:\/\/rvrsmart.com\/lv\/meist\/","og_locale":"lv_LV","og_type":"article","og_title":"- Apart hotel - RVR Smart Apartments Riga","og_description":"Apart hotell pakub mugavat kodust \u00e4ra-kodu-kogemust, olenemata sellest, kas viibite seal n\u00e4dalavahetuseks v\u00f5i pikemaks ajaks.","og_url":"https:\/\/rvrsmart.com\/lv\/meist\/","og_site_name":"RVR Smart Apartments Riga","twitter_card":"summary_large_image","schema":{"@context":"https:\/\/schema.org","@graph":[{"@type":"WebPage","@id":"https:\/\/rvrsmart.com\/lv\/meist\/","url":"https:\/\/rvrsmart.com\/lv\/meist\/","name":"- Apart hotel - RVR Smart Apartments Riga","isPartOf":{"@id":"https:\/\/rvrsmart.com\/lv\/#website"},"datePublished":"2019-08-20T11:29:12+00:00","description":"Apart hotell pakub mugavat kodust \u00e4ra-kodu-kogemust, olenemata sellest, kas viibite seal n\u00e4dalavahetuseks v\u00f5i pikemaks ajaks.","breadcrumb":{"@id":"https:\/\/rvrsmart.com\/lv\/meist\/#breadcrumb"},"inLanguage":"lv-LV","potentialAction":[{"@type":"ReadAction","target":["https:\/\/rvrsmart.com\/lv\/meist\/"]}]},{"@type":"BreadcrumbList","@id":"https:\/\/rvrsmart.com\/lv\/meist\/#breadcrumb","itemListElement":[{"@type":"ListItem","position":1,"name":"Home","item":"https:\/\/rvrsmart.com\/lv\/"},{"@type":"ListItem","position":2,"name":"Meie kohta"}]},{"@type":"WebSite","@id":"https:\/\/rvrsmart.com\/lv\/#website","url":"https:\/\/rvrsmart.com\/lv\/","name":"RVR Smart Apartments Riga","description":"Dz\u012bvok\u013cu \u012bre R\u012bg\u0101, \u012bstermi\u0146\u0101 un ilgtermi\u0146\u0101.","publisher":{"@id":"https:\/\/rvrsmart.com\/lv\/#organization"},"potentialAction":[{"@type":"SearchAction","target":{"@type":"EntryPoint","urlTemplate":"https:\/\/rvrsmart.com\/lv\/?s={search_term_string}"},"query-input":{"@type":"PropertyValueSpecification","valueRequired":true,"valueName":"search_term_string"}}],"inLanguage":"lv-LV"},{"@type":"Organization","@id":"https:\/\/rvrsmart.com\/lv\/#organization","name":"RVR Smart Apartments Riga","url":"https:\/\/rvrsmart.com\/lv\/","logo":{"@type":"ImageObject","inLanguage":"lv-LV","@id":"https:\/\/rvrsmart.com\/lv\/#\/schema\/logo\/image\/","url":"https:\/\/rvrsmart.com\/wp-content\/uploads\/2023\/02\/cropped-LOGO-RVR-SMART.jpg","contentUrl":"https:\/\/rvrsmart.com\/wp-content\/uploads\/2023\/02\/cropped-LOGO-RVR-SMART.jpg","width":479,"height":263,"caption":"RVR Smart Apartments Riga"},"image":{"@id":"https:\/\/rvrsmart.com\/lv\/#\/schema\/logo\/image\/"}}]}},"_links":{"self":[{"href":"https:\/\/rvrsmart.com\/lv\/wp-json\/wp\/v2\/pages\/9192","targetHints":{"allow":["GET"]}}],"collection":[{"href":"https:\/\/rvrsmart.com\/lv\/wp-json\/wp\/v2\/pages"}],"about":[{"href":"https:\/\/rvrsmart.com\/lv\/wp-json\/wp\/v2\/types\/page"}],"author":[{"embeddable":true,"href":"https:\/\/rvrsmart.com\/lv\/wp-json\/wp\/v2\/users\/1"}],"replies":[{"embeddable":true,"href":"https:\/\/rvrsmart.com\/lv\/wp-json\/wp\/v2\/comments?post=9192"}],"version-history":[{"count":0,"href":"https:\/\/rvrsmart.com\/lv\/wp-json\/wp\/v2\/pages\/9192\/revisions"}],"wp:attachment":[{"href":"https:\/\/rvrsmart.com\/lv\/wp-json\/wp\/v2\/media?parent=9192"}],"curies":[{"name":"wp","href":"https:\/\/api.w.org\/{rel}","templated":true}]}}